{"id":189,"date":"2023-03-01T17:25:34","date_gmt":"2023-03-01T16:25:34","guid":{"rendered":"https:\/\/www.aulamaker.biz\/politica-de-privacidad-2\/"},"modified":"2023-11-05T17:43:19","modified_gmt":"2023-11-05T16:43:19","slug":"politica-de-privacidad","status":"publish","type":"page","link":"https:\/\/www.aulamaker.biz\/ca\/politica-de-privacidad\/","title":{"rendered":"Pol\u00edtica de privadesa"},"content":{"rendered":"<p>En compliment de les obligacions establertes a la Llei Org\u00e0nica 3\/2018, de 5 de desembre, de Protecci\u00f3 de Dades Personals i Garantia<span class=\"Apple-converted-space\">\u00a0<\/span>dels Drets Digitals i de l&#039;article 10 de la Llei 34\/2002, d&#039;11 de juliol, de Serveis de la Societat de la Informaci\u00f3 i Comer\u00e7 Electr\u00f2nic, se li facilita la informaci\u00f3 relativa al tractament de les dades personals:<\/p>\n<h2>Qui \u00e9s el responsable del tractament de les dades?<\/h2>\n<p>Titular: MATESC VERA SL \u2013 B60723178<br \/>\nDomicili: SAMONTA, 8 - 08970 SANT JOAN DESPI<br \/>\nTfno: 93 373 4706<br \/>\nMail: info@aulamaker.biz<br \/>\nWeb: www.aulamaker.biz<br \/>\nSocietat inscrita al Registre Mercantil de Barcelona. Tome 27781, Foli 69], Fulla 123563.<\/p>\n<p>Per a qualsevol consulta, podeu contactar amb MATESC VERA SL a trav\u00e9s de: info@aulamaker.biz<\/p>\n<p>El nostre horari d&#039;atenci\u00f3 al client \u00e9s de 9:00-21:00 de dilluns a divendres, de 10:00 a 14:00 els dissabtes. Pots dirigir-te de qualsevol manera per comunicar-te amb nosaltres.<\/p>\n<p>Ens reservem el dret a modificar o adaptar aquesta Pol\u00edtica de Privadesa en qualsevol moment. Et recomanem revisar-la, i si t&#039;has registrat i accedeixes al teu compte o perfil, se t&#039;informar\u00e0 de les modificacions.<\/p>\n<p>Si ets algun dels col\u00b7lectius seg\u00fcents, consulta la informaci\u00f3:<\/p>\n<h2>CONTACTES DE LA WEB O DEL CORREU ELECTR\u00d2NIC<\/h2>\n<h3>Quines dades recopilem a trav\u00e9s de la Web?<\/h3>\n<p>Podem tractar el teu IP, quin sistema operatiu o navegador fas servir, i fins i tot la durada de la teva visita, de forma an\u00f2nima. Si ens facilites dades al formulari de contacte, t&#039;identificar\u00e0s per poder contactar amb tu, en cas que sigui necessari.<\/p>\n<h3>Amb quines finalitats tractarem les vostres dades personals?<\/h3>\n<ul>\n<li>Contestar les teves consultes, sol\u00b7licituds o peticions.<\/li>\n<li>Gestionar el servei sol\u00b7licitat, contestar la sol\u00b7licitud o tramitar la teva petici\u00f3.<\/li>\n<li>Informaci\u00f3 per mitjans electr\u00f2nics, que versin sobre la teva sol\u00b7licitud.<\/li>\n<li>Informaci\u00f3 comercial o esdeveniments per mitjans electr\u00f2nics, sempre que hi hagi autoritzaci\u00f3 expressa.<\/li>\n<li>Realitzar an\u00e0lisis i millores a la Web, sobre els nostres productes i serveis.<span class=\"Apple-converted-space\">\u00a0 <\/span>Millorar la nostra estrat\u00e8gia comercial.<\/li>\n<\/ul>\n<h3>Quina \u00e9s la legitimaci\u00f3 per al tractament de les teves dades?<\/h3>\n<p>L&#039;acceptaci\u00f3 i el consentiment de l&#039;interessat: En aquells casos on per realitzar una sol\u00b7licitud sigui necessari emplenar un formulari i fer un \u201cclick\u201d al bot\u00f3 d&#039;enviar, la realitzaci\u00f3 del mateix implicar\u00e0 necess\u00e0riament que ha estat informat i ha atorgat expressament el seu consentiment al contingut de la cl\u00e0usula annexada a aquest formulari o acceptaci\u00f3 de la pol\u00edtica de privadesa. camps, o no marques el checkbox d&#039;acceptaci\u00f3 de la pol\u00edtica de privadesa, no es permetr\u00e0 l&#039;enviament de la informaci\u00f3. Normalment t\u00e9 la f\u00f3rmula seg\u00fcent: \u201c\u25a1 S\u00f3c major de 14 i he llegit i accepto la Pol\u00edtica de privadesa.\u201d<\/p>\n<h2>CLIENTS<\/h2>\n<h3>Amb quines finalitats tractarem les teves dades personals?<\/h3>\n<ul>\n<li>Elaboraci\u00f3 del pressupost i seguiment del mateix mitjan\u00e7ant comunicacions entre ambdues parts.<\/li>\n<li>Informaci\u00f3 per mitjans electr\u00f2nics, que versin sobre la teva sol\u00b7licitud.<\/li>\n<li>Informaci\u00f3 comercial o esdeveniments per mitjans electr\u00f2nics, sempre que hi hagi autoritzaci\u00f3 expressa.<\/li>\n<li>Gestionar els serveis administratius, de comunicacions i de log\u00edstica realitzats pel responsable.<\/li>\n<li>Facturaci\u00f3 i declaraci\u00f3 dels impostos oportuns.<\/li>\n<li>Realitzar les transaccions que corresponguin.<\/li>\n<li>Gestions de control i recobrament.<\/li>\n<\/ul>\n<h2>PROVE\u00cfDORS<\/h2>\n<h3>Amb quines finalitats tractarem les teves dades personals?<\/h3>\n<ul>\n<li>Informaci\u00f3 per mitjans electr\u00f2nics, que versin sobre la teva sol\u00b7licitud.<\/li>\n<li>Informaci\u00f3 comercial o esdeveniments per mitjans electr\u00f2nics, sempre que hi hagi autoritzaci\u00f3 expressa.<\/li>\n<li>Gestionar els serveis administratius, de comunicacions i de log\u00edstica realitzats pel responsable.<\/li>\n<li>Facturaci\u00f3.<\/li>\n<li>Realitzar les transaccions que corresponguin.<\/li>\n<li>Facturaci\u00f3 i declaraci\u00f3 dels impostos oportuns.<\/li>\n<li>Gestions de control i recobrament.<\/li>\n<\/ul>\n<h3>Quina \u00e9s la legitimaci\u00f3 per al tractament de les teves dades?<\/h3>\n<p>La base legal \u00e9s l&#039;acceptaci\u00f3 d&#039;una relaci\u00f3 contractual, o en defecte el teu consentiment en contactar amb nosaltres o oferir-nos els seus productes per alguna via.<\/p>\n<h2>CONTACTES XARXES SOCIALS<\/h2>\n<h3>Amb quines finalitats tractarem les teves dades personals?<\/h3>\n<ul>\n<li>Contestar les teves consultes, sol\u00b7licituds<span class=\"Apple-converted-space\">\u00a0 <\/span>o peticions.<\/li>\n<li>Gestionar el servei sol\u00b7licitat, contestar la sol\u00b7licitud o tramitar la teva petici\u00f3.<\/li>\n<li>Relacionar-nos amb tu i crear una comunitat de seguidors.<\/li>\n<\/ul>\n<h3>Quina \u00e9s la legitimaci\u00f3 per al tractament de les teves dades?<\/h3>\n<p>L&#039;acceptaci\u00f3 d&#039;una relaci\u00f3 contractual a l&#039;entorn de la xarxa social que correspongui, i d&#039;acord amb les seves pol\u00edtiques de privadesa:<\/p>\n<ul>\n<li>Facebook <a href=\"http:\/\/www.facebook.com\/policy.php?ref=pf#_blank\">http:\/\/www.facebook.com\/policy.php?ref=pf<\/a><\/li>\n<li>Instagram <a href=\"https:\/\/help.instagram.com\/155833707900388#_blank\">https:\/\/help.instagram.com\/155833707900388<\/a><\/li>\n<li>Twitter\u00a0<a href=\"http:\/\/twitter.com\/privacy#_blank\">http:\/\/twitter.com\/privacy<\/a><\/li>\n<li>Pinterest <a href=\"https:\/\/about.pinterest.com\/es\/privacy-policy#_blank\">https:\/\/about.pinterest.com\/es\/privacy-policy<\/a><\/li>\n<li>Google* <a href=\"http:\/\/www.google.com\/intl\/es\/policies\/privacy\/#_blank\">http:\/\/www.google.com\/intl\/es\/policies\/privacy\/<\/a> *(Google+ i Youtube)<\/li>\n<\/ul>\n<h3>Durant quant de temps mantindrem les dades personals?<\/h3>\n<p>Nom\u00e9s podem consultar o donar de baixa les teves dades de forma restringida en tenir un perfil espec\u00edfic.<\/p>\n<h2>Incloem dades personals de terceres persones?<\/h2>\n<p>No, com a norma general nom\u00e9s tractem les dades que ens faciliten els titulars. Si<span class=\"Apple-converted-space\">\u00a0<\/span>ens aportes dades de tercers, haur\u00e0s amb car\u00e0cter previ, informar i sol\u00b7licitar el seu consentiment a aquestes persones, o altrament ens eximeixes de qualsevol responsabilitat per l&#039;incompliment d&#039;aquest requisit.<\/p>\n<h3>I dades de menors?<\/h3>\n<p>No tractem dades de menors de 14 anys. Per tant, abstingueu-vos de facilitar-los si no teniu aquesta edat o, si escau, de facilitar dades de tercers que no tinguin l&#039;edat esmentada. MATESC VERA SL s&#039;eximeix de qualsevol responsabilitat per l&#039;incompliment d&#039;aquesta previsi\u00f3.<\/p>\n<h2>Realitzarem comunicacions per mitjans electr\u00f2nics?<\/h2>\n<ul>\n<li>Nom\u00e9s es faran per gestionar la teva sol\u00b7licitud, si \u00e9s un dels mitjans de contacte que ens ha facilitat.<\/li>\n<li>Si realitzem comunicacions comercials hauran estat pr\u00e8viament i expressament<span class=\"Apple-converted-space\">\u00a0 <\/span>autoritzades per tu.<\/li>\n<\/ul>\n<h2>\u00bf Quines mesures de seguretat apliquem?<\/h2>\n<p>Pots estar tranquil: Hem adoptat un nivell \u00f2ptim de protecci\u00f3 de les dades personals que fem servir, i hem instal\u00b7lat tots els mitjans i mesures t\u00e8cniques a la nostra disposici\u00f3 segons l&#039;estat de la tecnologia per evitar la p\u00e8rdua, mal \u00fas, alteraci\u00f3, acc\u00e9s no autoritzat i robatori de les dades personals.<\/p>\n<h2>A quins destinataris es comunicaran les teves dades?<\/h2>\n<p>Les teves dades no se cediran a tercers, excepte obligaci\u00f3 legal. En concret, es comunicaran a l&#039;Ag\u00e8ncia Estatal de l&#039;Administraci\u00f3 Tribut\u00e0ria ia bancs i entitats financeres per al cobrament del servei prestat o producte adquirit com als encarregats del tractament necessaris per a l&#039;execuci\u00f3 de l&#039;acord. En cas de compra o pagament, si tries alguna aplicaci\u00f3, web, plataforma, targeta banc\u00e0ria, o algun altre servei online, les teves dades se cediran a aquesta plataforma o es tractaran al seu entorn, sempre amb la m\u00e0xima seguretat. Quan us ho ordenem, tindreu acc\u00e9s a la nostra web l&#039;empresa de desenvolupament i manteniment web, o la de hosting. Aquestes tindran signat un contracte de prestaci\u00f3 de serveis que els obliga a mantenir el mateix nivell de privadesa que nosaltres.<\/p>\n<p>Qualsevol transfer\u00e8ncia internacional de dades en utilitzar aplicacions americanes, comptar\u00e0 amb les garanties adequades exigides pel RGPD, que garanteix que les empreses de programari americ\u00e0 compleixen les pol\u00edtiques de protecci\u00f3 de dades europees en mat\u00e8ria de privadesa.<\/p>\n<h2>Quins drets tens?<\/h2>\n<ul>\n<li>A saber si estem tractant les dades o no.<\/li>\n<li>A accedir a les vostres dades personals.<\/li>\n<li>A sol\u00b7licitar la rectificaci\u00f3 de les teves dades si s\u00f3n inexactes.<\/li>\n<li>A sol\u00b7licitar la supressi\u00f3 de les teves dades si ja no s\u00f3n necess\u00e0ries per a les finalitats per a les quals van ser recollides o si ens retires el consentiment atorgat.<\/li>\n<li>A sol\u00b7licitar la limitaci\u00f3 del tractament de les vostres dades, en alguns sup\u00f2sits, cas en qu\u00e8 nom\u00e9s les conservarem d&#039;acord amb la normativa vigent.<\/li>\n<li>A portar les vostres dades, que us seran facilitades en un format estructurat, d&#039;\u00fas com\u00fa o lectura mec\u00e0nica. Si ho prefereixes, els podem enviar al nou responsable que ens designis. Nom\u00e9s \u00e9s v\u00e0lid en determinats sup\u00f2sits.<\/li>\n<li>A presentar una reclamaci\u00f3 davant de l&#039;Ag\u00e8ncia Espanyola de Protecci\u00f3 de Dades o autoritat de control competent, si creus que no t&#039;hem at\u00e8s correctament.<\/li>\n<li>A revocar el consentiment per a qualsevol tractament per al qual hagis consentit, en qualsevol moment.<\/li>\n<\/ul>\n<p>Si modifiques alguna dada, t&#039;agra\u00efm que ens ho comuniquis per mantenir-los actualitzats.<\/p>\n<h3>Voleu un formulari per a l&#039;exercici de Drets?<\/h3>\n<ul>\n<li>Tenim formularis per a l&#039;exercici dels teus drets, demana&#039;ns-los per<span class=\"Apple-converted-space\">\u00a0 <\/span>email o si ho prefereixes, pots fer servir els elaborats per l&#039;Ag\u00e8ncia Espanyola de Protecci\u00f3 de Dades o tercers.<\/li>\n<li>Aquests formularis han d&#039;anar signats electr\u00f2nicament o acompanyats de fotoc\u00f2pia del DNI.<\/li>\n<li>Si et representa alg\u00fa, ens has d&#039;adjuntar c\u00f2pia del seu DNI, o que el signi amb la signatura electr\u00f2nica.<\/li>\n<li>Els formularis es poden presentar presencialment, enviats per carta o per mail a l&#039;adre\u00e7a del Responsable a l&#039;inici d&#039;aquest text.<\/li>\n<\/ul>\n<h3>Quan triguem a contestar-te a l&#039;Exercici de Drets?<\/h3>\n<p>Dep\u00e8n del dret, per\u00f2 com a m\u00e0xim en un mes des de la teva sol\u00b7licitud, i dos mesos si el tema \u00e9s molt complex i et notifiquem que necessitem m\u00e9s temps.<\/p>\n<h2>Tractem galetes?<\/h2>\n<p>Si fem servir un altre tipus de cookies que no siguin les necess\u00e0ries, podr\u00e0s consultar la pol\u00edtica de cookies a l&#039;enlla\u00e7 corresponent des de l&#039;inici de la nostra web.<\/p>\n<h2>Durant quant de temps mantindrem les teves dades personals?<\/h2>\n<ul>\n<li>Les dades personals seran mantingudes mentre segueixis vinculat amb nosaltres.<\/li>\n<li>Un cop et desvinculis, les dades personals tractades a cada finalitat es mantindran durant els terminis legalment previstos, incl\u00f2s el termini en qu\u00e8 un jutge o tribunal les pugui requerir atenent al termini de prescripci\u00f3 d&#039;accions judicials.<\/li>\n<li>Les dades tractades es mantindran mentre no expirin els terminis legals al\u00b7ludits anteriorment, si hi hagu\u00e9s obligaci\u00f3 legal de manteniment, o de no existir aquest termini legal, fins que l&#039;interessat sol\u00b7liciti la seva supressi\u00f3 o revoqui el consentiment atorgat.<\/li>\n<li>Mantindrem tota la informaci\u00f3 i comunicacions relatives a la teva compra oa la prestaci\u00f3 del nostre servei, mentre durin les garanties dels productes o serveis, per atendre possibles reclamacions.<\/li>\n<\/ul>","protected":false},"excerpt":{"rendered":"<p>En cumplimiento de las obligaciones establecidas en la Ley Org\u00e1nica 3\/2018, de 5 de diciembre, de Protecci\u00f3n de Datos Personales y Garant\u00eda\u00a0de los Derechos Digitales y del art\u00edculo 10 de la Ley 34\/2002, de 11 de julio, de Servicios de la Sociedad de la Informaci\u00f3n y Comercio Electr\u00f3nico, se le facilita la informaci\u00f3n relativa al [&hellip;]<\/p>\n","protected":false},"author":1,"featured_media":0,"parent":0,"menu_order":14,"comment_status":"closed","ping_status":"closed","template":"","meta":{"footnotes":""},"class_list":["post-189","page","type-page","status-publish","hentry"],"acf":[],"yoast_head":"<!-- This site is optimized with the Yoast SEO plugin v27.4 - https:\/\/yoast.com\/product\/yoast-seo-wordpress\/ -->\n<title>Pol\u00edtica de privacidad - AULAMAKER<\/title>\n<meta name=\"description\" content=\"Pol\u00edtica de privacidad de AULAMAKER\" \/>\n<meta name=\"robots\" content=\"index, follow, max-snippet:-1, max-image-preview:large, max-video-preview:-1\" \/>\n<link rel=\"canonical\" href=\"https:\/\/www.aulamaker.biz\/ca\/politica-de-privacidad\/\" \/>\n<meta property=\"og:locale\" content=\"ca_ES\" \/>\n<meta property=\"og:type\" content=\"article\" \/>\n<meta property=\"og:title\" content=\"Pol\u00edtica de privacidad - AULAMAKER\" \/>\n<meta property=\"og:description\" content=\"Pol\u00edtica de privacidad de AULAMAKER\" \/>\n<meta property=\"og:url\" content=\"https:\/\/www.aulamaker.biz\/ca\/politica-de-privacidad\/\" \/>\n<meta property=\"og:site_name\" content=\"AULAMAKER\" \/>\n<meta property=\"article:publisher\" content=\"https:\/\/www.facebook.com\/aulamaker.biz\/\" \/>\n<meta property=\"article:modified_time\" content=\"2023-11-05T16:43:19+00:00\" \/>\n<meta name=\"twitter:card\" content=\"summary_large_image\" \/>\n<meta name=\"twitter:label1\" content=\"Temps estimat de lectura\" \/>\n\t<meta name=\"twitter:data1\" content=\"8 minuts\" \/>\n<script type=\"application\/ld+json\" class=\"yoast-schema-graph\">{\"@context\":\"https:\\\/\\\/schema.org\",\"@graph\":[{\"@type\":\"WebPage\",\"@id\":\"https:\\\/\\\/www.aulamaker.biz\\\/politica-de-privacidad\\\/\",\"url\":\"https:\\\/\\\/www.aulamaker.biz\\\/politica-de-privacidad\\\/\",\"name\":\"Pol\u00edtica de privacidad - AULAMAKER\",\"isPartOf\":{\"@id\":\"https:\\\/\\\/www.aulamaker.biz\\\/#website\"},\"datePublished\":\"2023-03-01T16:25:34+00:00\",\"dateModified\":\"2023-11-05T16:43:19+00:00\",\"description\":\"Pol\u00edtica de privacidad de AULAMAKER\",\"breadcrumb\":{\"@id\":\"https:\\\/\\\/www.aulamaker.biz\\\/politica-de-privacidad\\\/#breadcrumb\"},\"inLanguage\":\"ca\",\"potentialAction\":[{\"@type\":\"ReadAction\",\"target\":[\"https:\\\/\\\/www.aulamaker.biz\\\/politica-de-privacidad\\\/\"]}]},{\"@type\":\"BreadcrumbList\",\"@id\":\"https:\\\/\\\/www.aulamaker.biz\\\/politica-de-privacidad\\\/#breadcrumb\",\"itemListElement\":[{\"@type\":\"ListItem\",\"position\":1,\"name\":\"Home\",\"item\":\"https:\\\/\\\/www.aulamaker.biz\\\/\"},{\"@type\":\"ListItem\",\"position\":2,\"name\":\"Pol\u00edtica de privacidad\"}]},{\"@type\":\"WebSite\",\"@id\":\"https:\\\/\\\/www.aulamaker.biz\\\/#website\",\"url\":\"https:\\\/\\\/www.aulamaker.biz\\\/\",\"name\":\"AULAMAKER\",\"description\":\"ROBOTICA EDUCATIVA Y EQUIPAMIENTO AUDIOVISUAL PARA EL AULA\",\"publisher\":{\"@id\":\"https:\\\/\\\/www.aulamaker.biz\\\/#organization\"},\"potentialAction\":[{\"@type\":\"SearchAction\",\"target\":{\"@type\":\"EntryPoint\",\"urlTemplate\":\"https:\\\/\\\/www.aulamaker.biz\\\/?s={search_term_string}\"},\"query-input\":{\"@type\":\"PropertyValueSpecification\",\"valueRequired\":true,\"valueName\":\"search_term_string\"}}],\"inLanguage\":\"ca\"},{\"@type\":\"Organization\",\"@id\":\"https:\\\/\\\/www.aulamaker.biz\\\/#organization\",\"name\":\"AULAMAKER\",\"url\":\"https:\\\/\\\/www.aulamaker.biz\\\/\",\"logo\":{\"@type\":\"ImageObject\",\"inLanguage\":\"ca\",\"@id\":\"https:\\\/\\\/www.aulamaker.biz\\\/#\\\/schema\\\/logo\\\/image\\\/\",\"url\":\"https:\\\/\\\/www.aulamaker.biz\\\/wp-content\\\/uploads\\\/2025\\\/02\\\/Logo-Aula-Maker.png\",\"contentUrl\":\"https:\\\/\\\/www.aulamaker.biz\\\/wp-content\\\/uploads\\\/2025\\\/02\\\/Logo-Aula-Maker.png\",\"width\":3426,\"height\":3071,\"caption\":\"AULAMAKER\"},\"image\":{\"@id\":\"https:\\\/\\\/www.aulamaker.biz\\\/#\\\/schema\\\/logo\\\/image\\\/\"},\"sameAs\":[\"https:\\\/\\\/www.facebook.com\\\/aulamaker.biz\\\/\",\"https:\\\/\\\/www.linkedin.com\\\/in\\\/miquel-carrasco-martinez\\\/\",\"https:\\\/\\\/www.instagram.com\\\/aula_maker\"]}]}<\/script>\n<!-- \/ Yoast SEO plugin. -->","yoast_head_json":{"title":"Pol\u00edtica de privadesa - AULAMAKER","description":"Pol\u00edtica de privadesa de AULAMAKER","robots":{"index":"index","follow":"follow","max-snippet":"max-snippet:-1","max-image-preview":"max-image-preview:large","max-video-preview":"max-video-preview:-1"},"canonical":"https:\/\/www.aulamaker.biz\/ca\/politica-de-privacidad\/","og_locale":"ca_ES","og_type":"article","og_title":"Pol\u00edtica de privacidad - AULAMAKER","og_description":"Pol\u00edtica de privacidad de AULAMAKER","og_url":"https:\/\/www.aulamaker.biz\/ca\/politica-de-privacidad\/","og_site_name":"AULAMAKER","article_publisher":"https:\/\/www.facebook.com\/aulamaker.biz\/","article_modified_time":"2023-11-05T16:43:19+00:00","twitter_card":"summary_large_image","twitter_misc":{"Temps estimat de lectura":"8 minuts"},"schema":{"@context":"https:\/\/schema.org","@graph":[{"@type":"WebPage","@id":"https:\/\/www.aulamaker.biz\/politica-de-privacidad\/","url":"https:\/\/www.aulamaker.biz\/politica-de-privacidad\/","name":"Pol\u00edtica de privadesa - AULAMAKER","isPartOf":{"@id":"https:\/\/www.aulamaker.biz\/#website"},"datePublished":"2023-03-01T16:25:34+00:00","dateModified":"2023-11-05T16:43:19+00:00","description":"Pol\u00edtica de privadesa de AULAMAKER","breadcrumb":{"@id":"https:\/\/www.aulamaker.biz\/politica-de-privacidad\/#breadcrumb"},"inLanguage":"ca","potentialAction":[{"@type":"ReadAction","target":["https:\/\/www.aulamaker.biz\/politica-de-privacidad\/"]}]},{"@type":"BreadcrumbList","@id":"https:\/\/www.aulamaker.biz\/politica-de-privacidad\/#breadcrumb","itemListElement":[{"@type":"ListItem","position":1,"name":"Home","item":"https:\/\/www.aulamaker.biz\/"},{"@type":"ListItem","position":2,"name":"Pol\u00edtica de privacidad"}]},{"@type":"WebSite","@id":"https:\/\/www.aulamaker.biz\/#website","url":"https:\/\/www.aulamaker.biz\/","name":"AULAMAKER","description":"ROB\u00d2TICA EDUCATIVA I EQUIPAMENT AUDIOVISUAL PER A L&#039;AULA","publisher":{"@id":"https:\/\/www.aulamaker.biz\/#organization"},"potentialAction":[{"@type":"SearchAction","target":{"@type":"EntryPoint","urlTemplate":"https:\/\/www.aulamaker.biz\/?s={search_term_string}"},"query-input":{"@type":"PropertyValueSpecification","valueRequired":true,"valueName":"search_term_string"}}],"inLanguage":"ca"},{"@type":"Organization","@id":"https:\/\/www.aulamaker.biz\/#organization","name":"AULAMAKER","url":"https:\/\/www.aulamaker.biz\/","logo":{"@type":"ImageObject","inLanguage":"ca","@id":"https:\/\/www.aulamaker.biz\/#\/schema\/logo\/image\/","url":"https:\/\/www.aulamaker.biz\/wp-content\/uploads\/2025\/02\/Logo-Aula-Maker.png","contentUrl":"https:\/\/www.aulamaker.biz\/wp-content\/uploads\/2025\/02\/Logo-Aula-Maker.png","width":3426,"height":3071,"caption":"AULAMAKER"},"image":{"@id":"https:\/\/www.aulamaker.biz\/#\/schema\/logo\/image\/"},"sameAs":["https:\/\/www.facebook.com\/aulamaker.biz\/","https:\/\/www.linkedin.com\/in\/miquel-carrasco-martinez\/","https:\/\/www.instagram.com\/aula_maker"]}]}},"_links":{"self":[{"href":"https:\/\/www.aulamaker.biz\/ca\/wp-json\/wp\/v2\/pages\/189","targetHints":{"allow":["GET"]}}],"collection":[{"href":"https:\/\/www.aulamaker.biz\/ca\/wp-json\/wp\/v2\/pages"}],"about":[{"href":"https:\/\/www.aulamaker.biz\/ca\/wp-json\/wp\/v2\/types\/page"}],"author":[{"embeddable":true,"href":"https:\/\/www.aulamaker.biz\/ca\/wp-json\/wp\/v2\/users\/1"}],"replies":[{"embeddable":true,"href":"https:\/\/www.aulamaker.biz\/ca\/wp-json\/wp\/v2\/comments?post=189"}],"version-history":[{"count":2,"href":"https:\/\/www.aulamaker.biz\/ca\/wp-json\/wp\/v2\/pages\/189\/revisions"}],"predecessor-version":[{"id":317,"href":"https:\/\/www.aulamaker.biz\/ca\/wp-json\/wp\/v2\/pages\/189\/revisions\/317"}],"wp:attachment":[{"href":"https:\/\/www.aulamaker.biz\/ca\/wp-json\/wp\/v2\/media?parent=189"}],"curies":[{"name":"wp","href":"https:\/\/api.w.org\/{rel}","templated":true}]}}