{"id":441,"date":"2023-12-28T15:07:23","date_gmt":"2023-12-28T14:07:23","guid":{"rendered":"https:\/\/www.aulamaker.biz\/?page_id=441"},"modified":"2023-12-28T16:20:20","modified_gmt":"2023-12-28T15:20:20","slug":"documento-de-desistimiento","status":"publish","type":"page","link":"https:\/\/www.aulamaker.biz\/ca\/documento-de-desistimiento\/","title":{"rendered":"Document de desistiment *"},"content":{"rendered":"<p>*Aquest document ha de ser emplenat, signat i enviat en qualsevol forma que acrediti la data d&#039;enviament a MATESC VERA SL, domicili a SAMONTA, 8 - 08970 SANT JOAN DESPI juntament amb el producte tornat i la c\u00f2pia de la factura.<\/p>\n<p><small>De conformitat amb l&#039;article 70 de la Llei 1\/2007: &quot;L&#039;exercici del dret de desistiment no estar\u00e0 subjecte a cap formalitat, bastant que s&#039;acrediti en qualsevol forma admesa en dret. En tot cas es considerar\u00e0 v\u00e0lidament exercitat mitjan\u00e7ant l&#039;enviament del document de desistiment o mitjan\u00e7ant la devoluci\u00f3 dels productes rebuts.&quot;<\/small><\/p>\n<div class=\"pdfprnt-buttons\"><a href=\"https:\/\/www.aulamaker.biz\/ca\/wp-json\/wp\/v2\/pages\/441?print=pdf\" class=\"pdfprnt-button pdfprnt-button-pdf\" target=\"_blank\" ><img decoding=\"async\" src=\"https:\/\/www.aulamaker.biz\/wp-content\/plugins\/pdf-print\/images\/pdf.png\" alt=\"image_pdf\" title=\"Download PDF\" \/><span class=\"pdfprnt-button-title pdfprnt-button-pdf-title\">FACI CLICK PER DESCARREGAR EL DOCUMENT<\/span><\/a><\/div>\n<hr \/>\n<p>D.\/D\u00f1a. \u2026\u2026\u2026\u2026\u2026\u2026\u2026\u2026\u2026\u2026\u2026\u2026\u2026\u2026\u2026\u2026.. amb DNI \u2026\u2026\u2026\u2026\u2026\u2026\u2026\u2026\u2026\u2026\u2026\u2026\u2026.. i en exercici del dret que em concedeix la Llei 3\/2014 de 27 de mar\u00e7 per la qual es modifica el text ref\u00f3s de la Llei General per a la Defensa dels Consumidors i Usuaris dins del termini de 14 dies naturals des de la<\/p>\n<h3><strong>MANIFEST<\/strong><\/h3>\n<ol>\n<li>Que en data\u2026\u2026\u2026\u2026\u2026\u2026\u2026 vaig adquirir a la p\u00e0gina web de MATESC VERA SL (www.aulamaker.biz) el producte amb n\u00famero de refer\u00e8ncia\u2026\u2026\u2026\u2026\u2026\u2026\u2026..<\/li>\n<li>Que he estat informat del meu dret a desistir del contracte de compra dins el termini de 14 dies naturals des de la recepci\u00f3 del producte, sense necessitat d&#039;indicar-ne els motius.<\/li>\n<li>Que adjunto al present document de desistiment c\u00f2pia de la factura de compra del producte adquirit.<\/li>\n<li>Que exerceixo al dret de desistiment, tornant el corresponent producte en perfecte estat amb el seu embalatge original.<\/li>\n<\/ol>\n<p>&nbsp;<\/p>\n<p>&nbsp;<\/p>\n<p>&nbsp;<\/p>\n<p>A \u2026\u2026\u2026\u2026\u2026\u2026\u2026\u2026\u2026\u2026 a \u2026\u2026\u2026. de \u2026\u2026\u2026\u2026\u2026\u2026\u2026\u2026\u2026\u2026\u2026.. de 20\u2026.<\/p>\n<p>Signat. \u2026\u2026\u2026\u2026\u2026\u2026\u2026\u2026\u2026\u2026\u2026\u2026\u2026.<\/p>\n<p>&nbsp;<\/p>\n\n<h2>PRINCIPALS DISPOSICIONS LEGALS APLICABLES AL DRET DE DESISTIMENT<\/h2>\n<p><strong>Llei 3\/2014 de 27 de mar\u00e7 per la qual es modifica el text ref\u00f3s de la Llei General per a la Defensa dels <\/strong><\/p>\n<p><strong>Consumidors i Usuaris <\/strong><\/p>\n<h3>Article 102 Dret de desistiment<\/h3>\n<ol>\n<li><em>Llevat de les excepcions previstes a l&#039;article 103, el consumidor i usuari t\u00e9 dret a desistir del contracte durant un per\u00edode de 14 dies naturals sense indicar-ne el motiu i sense inc\u00f3rrer en cap cost diferent dels previstos als articles 107.2 i 108. <\/em><\/li>\n<li><em>Seran nul\u00b7les de ple dret les cl\u00e0usules que imposin al consumidor i usuari una penalitzaci\u00f3 per l&#039;exercici del seu dret de desistiment o la ren\u00fancia a aquest.<\/em><em style=\"font-size: 16px;\">\u00a0 \u00a0 \u00a0 \u00a0 \u00a0 \u00a0<\/em><\/li>\n<\/ol>\n<h3>Article 103 Excepcions al dret de desistiment<\/h3>\n<p><em>El dret de desistiment no ser\u00e0 aplicable als contractes que es refereixin a: <\/em><\/p>\n<ol style=\"list-style: lower-alpha;\" type=\"a\">\n<li>La prestaci\u00f3 de serveis, una vegada que el servei hagi estat completament executat, quan l&#039;execuci\u00f3 hagi comen\u00e7at, amb el consentiment expr\u00e9s previ del consumidor i usuari i amb el reconeixement per part seva que \u00e9s conscient que, una vegada que el contracte hagi estat completament executat per l&#039;empresari, haur\u00e0 perdut el seu dret de desistiment.<\/li>\n<li>El subministrament de b\u00e9ns o la prestaci\u00f3 de serveis el preu dels quals depengui de fluctuacions del mercat financer que l&#039;empresari no pugui controlar i que es puguin produir durant el per\u00edode de desistiment.<\/li>\n<li>El subministrament de b\u00e9ns confeccionats d&#039;acord amb les especificacions del consumidor i usuari o clarament personalitzats.<\/li>\n<li>El subministrament de b\u00e9ns que es puguin deteriorar o caducar amb rapidesa.<\/li>\n<li>El subministrament de b\u00e9ns precintats que no siguin aptes per ser retornats per raons de protecci\u00f3 de la salut o d&#039;higiene i que hagin estat desprecintats despr\u00e9s del lliurament.<\/li>\n<li>El subministrament de b\u00e9ns que despr\u00e9s del lliurament i tenint en compte la seva naturalesa s&#039;hagin barrejat de manera indissociable amb altres b\u00e9ns.<\/li>\n<li>El subministrament de begudes alcoh\u00f2liques el preu de les quals hagi estat acordat en el moment de subscriure el contracte de venda i que no puguin ser lliurades abans de 30 dies, i el valor real de les quals depengui de fluctuacions del mercat que l&#039;empresari no pugui controlar.<\/li>\n<li>Els contractes en qu\u00e8 el consumidor i l&#039;usuari hagi sol\u00b7licitat espec\u00edficament a l&#039;empresari que el visiti per efectuar operacions de reparaci\u00f3 o manteniment urgent; si, en aquesta visita, l&#039;empresari presta serveis addicionals als sol\u00b7licitats espec\u00edficament pel consumidor o subministra b\u00e9ns diferents de les peces de recanvi utilitzades necess\u00e0riament per efectuar les operacions de manteniment o reparaci\u00f3, el dret de desistiment s&#039;ha d&#039;aplicar als serveis o b\u00e9ns addicionals esmentats.<\/li>\n<li>El subministrament d&#039;enregistraments sonors o de v\u00eddeo precintats o de programes inform\u00e0tics precintats que hagin estat desprecintats pel consumidor i usuari despr\u00e9s del lliurament.<\/li>\n<li>El subministrament de premsa di\u00e0ria, publicacions peri\u00f2diques o revistes, amb l&#039;excepci\u00f3 dels contractes de subscripci\u00f3 per al subministrament d&#039;aquestes publicacions.<\/li>\n<li>Els contractes subscrits mitjan\u00e7ant subhastes p\u00fabliques.<\/li>\n<li>El subministrament de serveis d&#039;allotjament per a fins diferents del de servir d&#039;habitatge, transport de b\u00e9ns, lloguer de vehicles, menjar o serveis relacionats amb activitats d&#039;esbarjo, si els contractes preveuen una data o un per\u00edode d&#039;execuci\u00f3 espec\u00edfics.<\/li>\n<li>El subministrament de contingut digital que no es presti en un suport material quan l&#039;execuci\u00f3 hagi comen\u00e7at amb el consentiment expr\u00e9s previ del consumidor i usuari amb el coneixement per part seva que en conseq\u00fc\u00e8ncia perd el dret de desistiment.<\/li>\n<\/ol>\n<p>&nbsp;<\/p>\n<h3>Article 107 Obligacions i drets de l&#039;empresari en cas de desistiment<\/h3>\n<ol>\n<li><em>L&#039;empresari reemborsar\u00e0 qualsevol pagament rebut del consumidor i usuari, inclosos, si escau, els costos de lliurament, sense demores indegudes i, en qualsevol cas, abans que hagin transcorregut 14 dies naturals des de la data en qu\u00e8 hagi estat informat de la decisi\u00f3 de desistiment del contracte del consumidor i usuari de conformitat amb l&#039;article 106.<\/em><\/li>\n<\/ol>\n<p><em>En cas de retard injustificat per part de l&#039;empresari respecte a la devoluci\u00f3 de les sumes abonades, el consumidor i usuari podr\u00e0 reclamar que se li pagui el doble de l&#039;import degut, sense perjudici al dret de ser indemnitzat pels danys i perjudicis soferts en qu\u00e8 excedeixin aquesta quantitat.<\/em><\/p>\n<ol start=\"2\">\n<li><em>No obstant el que disposa l&#039;apartat 1, en cas que el consumidor i l&#039;usuari hagi seleccionat expressament una modalitat de lliurament diferent de la modalitat menys costosa de lliurament ordinari, l&#039;empresari no est\u00e0 obligat a reemborsar els costos addicionals que se&#039;n derivin.<\/em><\/li>\n<li><em>Excepte en cas que l&#039;empresari s&#039;hagi ofert a recollir ell mateix els b\u00e9ns, als contractes de venda, l&#039;empresari podr\u00e0 retenir el reemborsament fins haver rebut els b\u00e9ns, o fins que el consumidor i usuari hagi presentat una prova de la devoluci\u00f3 dels b\u00e9ns, segons quina condici\u00f3 es compleixi primer.<\/em><\/li>\n<\/ol>\n<p><em>\u00a0\u00a0\u00a0\u00a0\u00a0\u00a0\u00a0\u00a0\u00a0\u00a0\u00a0 <\/em><\/p>\n<h3>Article 108 Obligacions i responsabilitat del consumidor i usuari en cas de desistiment<\/h3>\n<ol>\n<li><em>Excepte si el mateix empresari s&#039;ofereix a recollir els b\u00e9ns, el consumidor i usuari haur\u00e0 de tornar-los o lliurar-los a l&#039;empresari, oa una persona autoritzada per l&#039;empresari a rebre&#039;ls, sense cap demora indeguda i, en qualsevol cas, com a molt tard en el termini de 14 dies naturals a partir de la data en qu\u00e8 comuniqui la seva decisi\u00f3 de desistiment del contracte a l&#039;empresari. i usuari efectua la devoluci\u00f3 dels b\u00e9ns abans que hagi concl\u00f2s el termini de 14 dies naturals. <\/em><\/li>\n<\/ol>\n<p><em>El consumidor i l&#039;usuari nom\u00e9s suportar\u00e0 els costos directes de devoluci\u00f3 dels b\u00e9ns, tret que l&#039;empresari hagi acceptat assumir-los o no li hagi informat que li correspon assumir aquests costos. <\/em><\/p>\n<p><em>En el cas de contractes subscrits fora de l&#039;establiment en qu\u00e8 els b\u00e9ns s&#039;hagin lliurat ja al domicili del consumidor i usuari en el moment de fer-se el contracte, l&#039;empresari ha de recollir al seu propi c\u00e0rrec els b\u00e9ns quan, per la seva naturalesa, no es puguin tornar per correu. <\/em><\/p>\n<ol start=\"2\">\n<li><em>El consumidor i usuari nom\u00e9s \u00e9s responsable de la disminuci\u00f3 de valor dels b\u00e9ns resultant d&#039;una manipulaci\u00f3 diferent a la necess\u00e0ria per establir-ne la naturalesa, les caracter\u00edstiques o el funcionament. En cap cas no ser\u00e0 responsable de la disminuci\u00f3 de valor dels b\u00e9ns si l&#039;empresari no l&#039;ha informat del dret de desistiment d&#039;acord amb l&#039;article 97.1.i). <\/em><\/li>\n<li><em>Quan un consumidor i usuari exerceixi el dret de desistiment despr\u00e9s d&#039;haver realitzat una sol\u00b7licitud de conformitat amb el que disposa l&#039;article 98.8 o l&#039;article 99.3, abonar\u00e0 a l&#039;empresari un import proporcional a la part ja prestada del servei en el moment en qu\u00e8 hagi informat l&#039;empresari de l&#039;exercici del dret de desistiment, en relaci\u00f3 amb l&#039;objecte total del contracte. L&#039;import proporcional que haur\u00e0 d&#039;abonar a l&#039;empresari es calcula sobre la base del preu total acordat al contracte. En cas que el preu total sigui excessiu, l&#039;import proporcional es calcula sobre la base del valor de mercat de la part ja prestada del servei. <\/em><\/li>\n<li><em>El consumidor i usuari no assumir\u00e0 cap cost per: <\/em><\/li>\n<li><em>Llevat del que disposa l&#039;article 107.2, i en aquest article, el consumidor i l&#039;usuari no incorre en cap responsabilitat com a conseq\u00fc\u00e8ncia de l&#039;exercici del dret de desistiment.<\/em><\/li>\n<\/ol>","protected":false},"excerpt":{"rendered":"<p>*Este documento tiene que ser cumplimentado, firmado y enviado en cualquier forma que acredite la fecha de env\u00edo a , domicilio en junto con el producto devuelto y la copia de la factura. De conformidad con el art\u00edculo 70 de la Ley 1\/2007: \u201cEl ejercicio del derecho de desistimiento no estar\u00e1 sujeto a formalidad alguna, [&hellip;]<\/p>\n","protected":false},"author":1,"featured_media":0,"parent":0,"menu_order":18,"comment_status":"closed","ping_status":"closed","template":"","meta":{"footnotes":""},"class_list":["post-441","page","type-page","status-publish","hentry"],"acf":[],"yoast_head":"<!-- This site is optimized with the Yoast SEO plugin v27.4 - https:\/\/yoast.com\/product\/yoast-seo-wordpress\/ -->\n<title>Documento de desistimiento * - AULAMAKER<\/title>\n<meta name=\"description\" content=\"*Este documento tiene que ser cumplimentado, firmado y enviado en cualquier forma que acredite la fecha de env\u00edo a , domicilio en junto con el producto\" \/>\n<meta name=\"robots\" content=\"index, follow, max-snippet:-1, max-image-preview:large, max-video-preview:-1\" \/>\n<link rel=\"canonical\" href=\"https:\/\/www.aulamaker.biz\/ca\/documento-de-desistimiento\/\" \/>\n<meta property=\"og:locale\" content=\"ca_ES\" \/>\n<meta property=\"og:type\" content=\"article\" \/>\n<meta property=\"og:title\" content=\"Documento de desistimiento * - AULAMAKER\" \/>\n<meta property=\"og:description\" content=\"*Este documento tiene que ser cumplimentado, firmado y enviado en cualquier forma que acredite la fecha de env\u00edo a , domicilio en junto con el producto\" \/>\n<meta property=\"og:url\" content=\"https:\/\/www.aulamaker.biz\/ca\/documento-de-desistimiento\/\" \/>\n<meta property=\"og:site_name\" content=\"AULAMAKER\" \/>\n<meta property=\"article:publisher\" content=\"https:\/\/www.facebook.com\/aulamaker.biz\/\" \/>\n<meta property=\"article:modified_time\" content=\"2023-12-28T15:20:20+00:00\" \/>\n<meta name=\"twitter:card\" content=\"summary_large_image\" \/>\n<meta name=\"twitter:label1\" content=\"Temps estimat de lectura\" \/>\n\t<meta name=\"twitter:data1\" content=\"7 minuts\" \/>\n<script type=\"application\/ld+json\" class=\"yoast-schema-graph\">{\"@context\":\"https:\\\/\\\/schema.org\",\"@graph\":[{\"@type\":\"WebPage\",\"@id\":\"https:\\\/\\\/www.aulamaker.biz\\\/documento-de-desistimiento\\\/\",\"url\":\"https:\\\/\\\/www.aulamaker.biz\\\/documento-de-desistimiento\\\/\",\"name\":\"Documento de desistimiento * - AULAMAKER\",\"isPartOf\":{\"@id\":\"https:\\\/\\\/www.aulamaker.biz\\\/#website\"},\"datePublished\":\"2023-12-28T14:07:23+00:00\",\"dateModified\":\"2023-12-28T15:20:20+00:00\",\"description\":\"*Este documento tiene que ser cumplimentado, firmado y enviado en cualquier forma que acredite la fecha de env\u00edo a , domicilio en junto con el producto\",\"breadcrumb\":{\"@id\":\"https:\\\/\\\/www.aulamaker.biz\\\/documento-de-desistimiento\\\/#breadcrumb\"},\"inLanguage\":\"ca\",\"potentialAction\":[{\"@type\":\"ReadAction\",\"target\":[\"https:\\\/\\\/www.aulamaker.biz\\\/documento-de-desistimiento\\\/\"]}]},{\"@type\":\"BreadcrumbList\",\"@id\":\"https:\\\/\\\/www.aulamaker.biz\\\/documento-de-desistimiento\\\/#breadcrumb\",\"itemListElement\":[{\"@type\":\"ListItem\",\"position\":1,\"name\":\"Home\",\"item\":\"https:\\\/\\\/www.aulamaker.biz\\\/\"},{\"@type\":\"ListItem\",\"position\":2,\"name\":\"Documento de desistimiento *\"}]},{\"@type\":\"WebSite\",\"@id\":\"https:\\\/\\\/www.aulamaker.biz\\\/#website\",\"url\":\"https:\\\/\\\/www.aulamaker.biz\\\/\",\"name\":\"AULAMAKER\",\"description\":\"ROBOTICA EDUCATIVA Y EQUIPAMIENTO AUDIOVISUAL PARA EL AULA\",\"publisher\":{\"@id\":\"https:\\\/\\\/www.aulamaker.biz\\\/#organization\"},\"potentialAction\":[{\"@type\":\"SearchAction\",\"target\":{\"@type\":\"EntryPoint\",\"urlTemplate\":\"https:\\\/\\\/www.aulamaker.biz\\\/?s={search_term_string}\"},\"query-input\":{\"@type\":\"PropertyValueSpecification\",\"valueRequired\":true,\"valueName\":\"search_term_string\"}}],\"inLanguage\":\"ca\"},{\"@type\":\"Organization\",\"@id\":\"https:\\\/\\\/www.aulamaker.biz\\\/#organization\",\"name\":\"AULAMAKER\",\"url\":\"https:\\\/\\\/www.aulamaker.biz\\\/\",\"logo\":{\"@type\":\"ImageObject\",\"inLanguage\":\"ca\",\"@id\":\"https:\\\/\\\/www.aulamaker.biz\\\/#\\\/schema\\\/logo\\\/image\\\/\",\"url\":\"https:\\\/\\\/www.aulamaker.biz\\\/wp-content\\\/uploads\\\/2025\\\/02\\\/Logo-Aula-Maker.png\",\"contentUrl\":\"https:\\\/\\\/www.aulamaker.biz\\\/wp-content\\\/uploads\\\/2025\\\/02\\\/Logo-Aula-Maker.png\",\"width\":3426,\"height\":3071,\"caption\":\"AULAMAKER\"},\"image\":{\"@id\":\"https:\\\/\\\/www.aulamaker.biz\\\/#\\\/schema\\\/logo\\\/image\\\/\"},\"sameAs\":[\"https:\\\/\\\/www.facebook.com\\\/aulamaker.biz\\\/\",\"https:\\\/\\\/www.linkedin.com\\\/in\\\/miquel-carrasco-martinez\\\/\",\"https:\\\/\\\/www.instagram.com\\\/aula_maker\"]}]}<\/script>\n<!-- \/ Yoast SEO plugin. -->","yoast_head_json":{"title":"Document de desistiment * - AULAMAKER","description":"*Aquest document ha de ser emplenat, signat i enviat en qualsevol forma que acrediti la data d&#039;enviament a , domicili juntament amb el producte","robots":{"index":"index","follow":"follow","max-snippet":"max-snippet:-1","max-image-preview":"max-image-preview:large","max-video-preview":"max-video-preview:-1"},"canonical":"https:\/\/www.aulamaker.biz\/ca\/documento-de-desistimiento\/","og_locale":"ca_ES","og_type":"article","og_title":"Documento de desistimiento * - AULAMAKER","og_description":"*Este documento tiene que ser cumplimentado, firmado y enviado en cualquier forma que acredite la fecha de env\u00edo a , domicilio en junto con el producto","og_url":"https:\/\/www.aulamaker.biz\/ca\/documento-de-desistimiento\/","og_site_name":"AULAMAKER","article_publisher":"https:\/\/www.facebook.com\/aulamaker.biz\/","article_modified_time":"2023-12-28T15:20:20+00:00","twitter_card":"summary_large_image","twitter_misc":{"Temps estimat de lectura":"7 minuts"},"schema":{"@context":"https:\/\/schema.org","@graph":[{"@type":"WebPage","@id":"https:\/\/www.aulamaker.biz\/documento-de-desistimiento\/","url":"https:\/\/www.aulamaker.biz\/documento-de-desistimiento\/","name":"Document de desistiment * - AULAMAKER","isPartOf":{"@id":"https:\/\/www.aulamaker.biz\/#website"},"datePublished":"2023-12-28T14:07:23+00:00","dateModified":"2023-12-28T15:20:20+00:00","description":"*Aquest document ha de ser emplenat, signat i enviat en qualsevol forma que acrediti la data d&#039;enviament a , domicili juntament amb el producte","breadcrumb":{"@id":"https:\/\/www.aulamaker.biz\/documento-de-desistimiento\/#breadcrumb"},"inLanguage":"ca","potentialAction":[{"@type":"ReadAction","target":["https:\/\/www.aulamaker.biz\/documento-de-desistimiento\/"]}]},{"@type":"BreadcrumbList","@id":"https:\/\/www.aulamaker.biz\/documento-de-desistimiento\/#breadcrumb","itemListElement":[{"@type":"ListItem","position":1,"name":"Home","item":"https:\/\/www.aulamaker.biz\/"},{"@type":"ListItem","position":2,"name":"Documento de desistimiento *"}]},{"@type":"WebSite","@id":"https:\/\/www.aulamaker.biz\/#website","url":"https:\/\/www.aulamaker.biz\/","name":"AULAMAKER","description":"ROB\u00d2TICA EDUCATIVA I EQUIPAMENT AUDIOVISUAL PER A L&#039;AULA","publisher":{"@id":"https:\/\/www.aulamaker.biz\/#organization"},"potentialAction":[{"@type":"SearchAction","target":{"@type":"EntryPoint","urlTemplate":"https:\/\/www.aulamaker.biz\/?s={search_term_string}"},"query-input":{"@type":"PropertyValueSpecification","valueRequired":true,"valueName":"search_term_string"}}],"inLanguage":"ca"},{"@type":"Organization","@id":"https:\/\/www.aulamaker.biz\/#organization","name":"AULAMAKER","url":"https:\/\/www.aulamaker.biz\/","logo":{"@type":"ImageObject","inLanguage":"ca","@id":"https:\/\/www.aulamaker.biz\/#\/schema\/logo\/image\/","url":"https:\/\/www.aulamaker.biz\/wp-content\/uploads\/2025\/02\/Logo-Aula-Maker.png","contentUrl":"https:\/\/www.aulamaker.biz\/wp-content\/uploads\/2025\/02\/Logo-Aula-Maker.png","width":3426,"height":3071,"caption":"AULAMAKER"},"image":{"@id":"https:\/\/www.aulamaker.biz\/#\/schema\/logo\/image\/"},"sameAs":["https:\/\/www.facebook.com\/aulamaker.biz\/","https:\/\/www.linkedin.com\/in\/miquel-carrasco-martinez\/","https:\/\/www.instagram.com\/aula_maker"]}]}},"_links":{"self":[{"href":"https:\/\/www.aulamaker.biz\/ca\/wp-json\/wp\/v2\/pages\/441","targetHints":{"allow":["GET"]}}],"collection":[{"href":"https:\/\/www.aulamaker.biz\/ca\/wp-json\/wp\/v2\/pages"}],"about":[{"href":"https:\/\/www.aulamaker.biz\/ca\/wp-json\/wp\/v2\/types\/page"}],"author":[{"embeddable":true,"href":"https:\/\/www.aulamaker.biz\/ca\/wp-json\/wp\/v2\/users\/1"}],"replies":[{"embeddable":true,"href":"https:\/\/www.aulamaker.biz\/ca\/wp-json\/wp\/v2\/comments?post=441"}],"version-history":[{"count":5,"href":"https:\/\/www.aulamaker.biz\/ca\/wp-json\/wp\/v2\/pages\/441\/revisions"}],"predecessor-version":[{"id":452,"href":"https:\/\/www.aulamaker.biz\/ca\/wp-json\/wp\/v2\/pages\/441\/revisions\/452"}],"wp:attachment":[{"href":"https:\/\/www.aulamaker.biz\/ca\/wp-json\/wp\/v2\/media?parent=441"}],"curies":[{"name":"wp","href":"https:\/\/api.w.org\/{rel}","templated":true}]}}