{"id":693,"date":"2025-06-10T11:53:11","date_gmt":"2025-06-10T09:53:11","guid":{"rendered":"https:\/\/www.aulamaker.biz\/producto\/class-set-optics\/"},"modified":"2026-01-28T16:09:07","modified_gmt":"2026-01-28T15:09:07","slug":"class-set-optics","status":"publish","type":"product","link":"https:\/\/www.aulamaker.biz\/ca\/producto\/class-set-optics\/","title":{"rendered":"Class Set Optics"},"content":{"rendered":"<p>Sistema de construcci\u00f3 flexible que permet l&#039;acoblament pels 6 costats<br \/>\nCLASS SET OPTICS explora els fen\u00f2mens \u00f2ptics i experimenta amb la llum a classe<br \/>\nCada pack est\u00e0 compost per 16 kits individuals id\u00e8ntics<br \/>\nR\u00e0tio: 2 alumnes x16<\/p>","protected":false},"excerpt":{"rendered":"<p>Sistema de construcci\u00f3 flexible que permet l&#039;acoblament pels 6 costats<br \/>\nCLASS SET OPTICS explora els fen\u00f2mens \u00f2ptics i experimenta amb la llum a classe<br \/>\nCada pack est\u00e0 compost per 16 kits individuals id\u00e8ntics<br \/>\nR\u00e0tio: 2 alumnes x16<\/p>","protected":false},"featured_media":911,"template":"","meta":[],"product_brand":[50],"product_cat":[62],"product_tag":[],"class_list":{"0":"post-693","1":"product","2":"type-product","3":"status-publish","4":"has-post-thumbnail","6":"product_brand-fischertechnik","7":"product_cat-primaria","9":"first","10":"instock","11":"purchasable","12":"product-type-simple"},"acf":[],"yoast_head":"<!-- This site is optimized with the Yoast SEO plugin v27.4 - https:\/\/yoast.com\/product\/yoast-seo-wordpress\/ -->\n<title>Class Set Optics - AULAMAKER<\/title>\n<meta name=\"description\" content=\"Sistema de construcci\u00f3n flexible que permite el acoplamiento por los 6 lados CLASS SET OPTICS explora los fen\u00f3menos \u00f3pticos y experimenta con la luz en clase Cada pack est\u00e1 compuesto por 16 kits individuales id\u00e9nticos Ratio: 2 alumnos x16\" \/>\n<meta name=\"robots\" content=\"index, follow, max-snippet:-1, max-image-preview:large, max-video-preview:-1\" \/>\n<link rel=\"canonical\" href=\"https:\/\/www.aulamaker.biz\/ca\/producte\/class-set-optics\/\" \/>\n<meta property=\"og:locale\" content=\"ca_ES\" \/>\n<meta property=\"og:type\" content=\"article\" \/>\n<meta property=\"og:title\" content=\"Class Set Optics - AULAMAKER\" \/>\n<meta property=\"og:description\" content=\"Sistema de construcci\u00f3n flexible que permite el acoplamiento por los 6 lados CLASS SET OPTICS explora los fen\u00f3menos \u00f3pticos y experimenta con la luz en clase Cada pack est\u00e1 compuesto por 16 kits individuales id\u00e9nticos Ratio: 2 alumnos x16\" \/>\n<meta property=\"og:url\" content=\"https:\/\/www.aulamaker.biz\/ca\/producte\/class-set-optics\/\" \/>\n<meta property=\"og:site_name\" content=\"AULAMAKER\" \/>\n<meta property=\"article:publisher\" content=\"https:\/\/www.facebook.com\/aulamaker.biz\/\" \/>\n<meta property=\"article:modified_time\" content=\"2026-01-28T15:09:07+00:00\" \/>\n<meta property=\"og:image\" content=\"https:\/\/www.aulamaker.biz\/wp-content\/uploads\/2025\/06\/559892-1.webp\" \/>\n\t<meta property=\"og:image:width\" content=\"1000\" \/>\n\t<meta property=\"og:image:height\" content=\"1000\" \/>\n\t<meta property=\"og:image:type\" content=\"image\/webp\" \/>\n<meta name=\"twitter:card\" content=\"summary_large_image\" \/>\n<script type=\"application\/ld+json\" class=\"yoast-schema-graph\">{\"@context\":\"https:\\\/\\\/schema.org\",\"@graph\":[{\"@type\":\"WebPage\",\"@id\":\"https:\\\/\\\/www.aulamaker.biz\\\/producto\\\/class-set-optics\\\/\",\"url\":\"https:\\\/\\\/www.aulamaker.biz\\\/producto\\\/class-set-optics\\\/\",\"name\":\"Class Set Optics - AULAMAKER\",\"isPartOf\":{\"@id\":\"https:\\\/\\\/www.aulamaker.biz\\\/#website\"},\"primaryImageOfPage\":{\"@id\":\"https:\\\/\\\/www.aulamaker.biz\\\/producto\\\/class-set-optics\\\/#primaryimage\"},\"image\":{\"@id\":\"https:\\\/\\\/www.aulamaker.biz\\\/producto\\\/class-set-optics\\\/#primaryimage\"},\"thumbnailUrl\":\"https:\\\/\\\/www.aulamaker.biz\\\/wp-content\\\/uploads\\\/2025\\\/06\\\/559892-1.webp\",\"datePublished\":\"2025-06-10T09:53:11+00:00\",\"dateModified\":\"2026-01-28T15:09:07+00:00\",\"description\":\"Sistema de construcci\u00f3n flexible que permite el acoplamiento por los 6 lados CLASS SET OPTICS explora los fen\u00f3menos \u00f3pticos y experimenta con la luz en clase Cada pack est\u00e1 compuesto por 16 kits individuales id\u00e9nticos Ratio: 2 alumnos x16\",\"breadcrumb\":{\"@id\":\"https:\\\/\\\/www.aulamaker.biz\\\/producto\\\/class-set-optics\\\/#breadcrumb\"},\"inLanguage\":\"ca\",\"potentialAction\":[{\"@type\":\"ReadAction\",\"target\":[\"https:\\\/\\\/www.aulamaker.biz\\\/producto\\\/class-set-optics\\\/\"]}]},{\"@type\":\"ImageObject\",\"inLanguage\":\"ca\",\"@id\":\"https:\\\/\\\/www.aulamaker.biz\\\/producto\\\/class-set-optics\\\/#primaryimage\",\"url\":\"https:\\\/\\\/www.aulamaker.biz\\\/wp-content\\\/uploads\\\/2025\\\/06\\\/559892-1.webp\",\"contentUrl\":\"https:\\\/\\\/www.aulamaker.biz\\\/wp-content\\\/uploads\\\/2025\\\/06\\\/559892-1.webp\",\"width\":1000,\"height\":1000,\"caption\":\"559892\"},{\"@type\":\"BreadcrumbList\",\"@id\":\"https:\\\/\\\/www.aulamaker.biz\\\/producto\\\/class-set-optics\\\/#breadcrumb\",\"itemListElement\":[{\"@type\":\"ListItem\",\"position\":1,\"name\":\"Home\",\"item\":\"https:\\\/\\\/www.aulamaker.biz\\\/\"},{\"@type\":\"ListItem\",\"position\":2,\"name\":\"Productos\",\"item\":\"https:\\\/\\\/www.aulamaker.biz\\\/tienda\\\/\"},{\"@type\":\"ListItem\",\"position\":3,\"name\":\"Class Set Optics\"}]},{\"@type\":\"WebSite\",\"@id\":\"https:\\\/\\\/www.aulamaker.biz\\\/#website\",\"url\":\"https:\\\/\\\/www.aulamaker.biz\\\/\",\"name\":\"AULAMAKER\",\"description\":\"ROBOTICA EDUCATIVA Y EQUIPAMIENTO AUDIOVISUAL PARA EL AULA\",\"publisher\":{\"@id\":\"https:\\\/\\\/www.aulamaker.biz\\\/#organization\"},\"potentialAction\":[{\"@type\":\"SearchAction\",\"target\":{\"@type\":\"EntryPoint\",\"urlTemplate\":\"https:\\\/\\\/www.aulamaker.biz\\\/?s={search_term_string}\"},\"query-input\":{\"@type\":\"PropertyValueSpecification\",\"valueRequired\":true,\"valueName\":\"search_term_string\"}}],\"inLanguage\":\"ca\"},{\"@type\":\"Organization\",\"@id\":\"https:\\\/\\\/www.aulamaker.biz\\\/#organization\",\"name\":\"AULAMAKER\",\"url\":\"https:\\\/\\\/www.aulamaker.biz\\\/\",\"logo\":{\"@type\":\"ImageObject\",\"inLanguage\":\"ca\",\"@id\":\"https:\\\/\\\/www.aulamaker.biz\\\/#\\\/schema\\\/logo\\\/image\\\/\",\"url\":\"https:\\\/\\\/www.aulamaker.biz\\\/wp-content\\\/uploads\\\/2025\\\/02\\\/Logo-Aula-Maker.png\",\"contentUrl\":\"https:\\\/\\\/www.aulamaker.biz\\\/wp-content\\\/uploads\\\/2025\\\/02\\\/Logo-Aula-Maker.png\",\"width\":3426,\"height\":3071,\"caption\":\"AULAMAKER\"},\"image\":{\"@id\":\"https:\\\/\\\/www.aulamaker.biz\\\/#\\\/schema\\\/logo\\\/image\\\/\"},\"sameAs\":[\"https:\\\/\\\/www.facebook.com\\\/aulamaker.biz\\\/\",\"https:\\\/\\\/www.linkedin.com\\\/in\\\/miquel-carrasco-martinez\\\/\",\"https:\\\/\\\/www.instagram.com\\\/aula_maker\"]}]}<\/script>\n<!-- \/ Yoast SEO plugin. -->","yoast_head_json":{"title":"Class Set Optics - AULAMAKER","description":"Sistema de construcci\u00f3 flexible que permet l&#039;acoblament pels 6 costats CLASS SET OPTICS explora els fen\u00f2mens \u00f2ptics i experimenta amb la llum a classe Cada pack est\u00e0 compost per 16 kits individuals id\u00e8ntics R\u00e0tio: 2 alumnes x16","robots":{"index":"index","follow":"follow","max-snippet":"max-snippet:-1","max-image-preview":"max-image-preview:large","max-video-preview":"max-video-preview:-1"},"canonical":"https:\/\/www.aulamaker.biz\/ca\/producte\/class-set-optics\/","og_locale":"ca_ES","og_type":"article","og_title":"Class Set Optics - AULAMAKER","og_description":"Sistema de construcci\u00f3n flexible que permite el acoplamiento por los 6 lados CLASS SET OPTICS explora los fen\u00f3menos \u00f3pticos y experimenta con la luz en clase Cada pack est\u00e1 compuesto por 16 kits individuales id\u00e9nticos Ratio: 2 alumnos x16","og_url":"https:\/\/www.aulamaker.biz\/ca\/producte\/class-set-optics\/","og_site_name":"AULAMAKER","article_publisher":"https:\/\/www.facebook.com\/aulamaker.biz\/","article_modified_time":"2026-01-28T15:09:07+00:00","og_image":[{"width":1000,"height":1000,"url":"https:\/\/www.aulamaker.biz\/wp-content\/uploads\/2025\/06\/559892-1.webp","type":"image\/webp"}],"twitter_card":"summary_large_image","schema":{"@context":"https:\/\/schema.org","@graph":[{"@type":"WebPage","@id":"https:\/\/www.aulamaker.biz\/producto\/class-set-optics\/","url":"https:\/\/www.aulamaker.biz\/producto\/class-set-optics\/","name":"Class Set Optics - AULAMAKER","isPartOf":{"@id":"https:\/\/www.aulamaker.biz\/#website"},"primaryImageOfPage":{"@id":"https:\/\/www.aulamaker.biz\/producto\/class-set-optics\/#primaryimage"},"image":{"@id":"https:\/\/www.aulamaker.biz\/producto\/class-set-optics\/#primaryimage"},"thumbnailUrl":"https:\/\/www.aulamaker.biz\/wp-content\/uploads\/2025\/06\/559892-1.webp","datePublished":"2025-06-10T09:53:11+00:00","dateModified":"2026-01-28T15:09:07+00:00","description":"Sistema de construcci\u00f3 flexible que permet l&#039;acoblament pels 6 costats CLASS SET OPTICS explora els fen\u00f2mens \u00f2ptics i experimenta amb la llum a classe Cada pack est\u00e0 compost per 16 kits individuals id\u00e8ntics R\u00e0tio: 2 alumnes x16","breadcrumb":{"@id":"https:\/\/www.aulamaker.biz\/producto\/class-set-optics\/#breadcrumb"},"inLanguage":"ca","potentialAction":[{"@type":"ReadAction","target":["https:\/\/www.aulamaker.biz\/producto\/class-set-optics\/"]}]},{"@type":"ImageObject","inLanguage":"ca","@id":"https:\/\/www.aulamaker.biz\/producto\/class-set-optics\/#primaryimage","url":"https:\/\/www.aulamaker.biz\/wp-content\/uploads\/2025\/06\/559892-1.webp","contentUrl":"https:\/\/www.aulamaker.biz\/wp-content\/uploads\/2025\/06\/559892-1.webp","width":1000,"height":1000,"caption":"559892"},{"@type":"BreadcrumbList","@id":"https:\/\/www.aulamaker.biz\/producto\/class-set-optics\/#breadcrumb","itemListElement":[{"@type":"ListItem","position":1,"name":"Home","item":"https:\/\/www.aulamaker.biz\/"},{"@type":"ListItem","position":2,"name":"Productos","item":"https:\/\/www.aulamaker.biz\/tienda\/"},{"@type":"ListItem","position":3,"name":"Class Set Optics"}]},{"@type":"WebSite","@id":"https:\/\/www.aulamaker.biz\/#website","url":"https:\/\/www.aulamaker.biz\/","name":"AULAMAKER","description":"ROB\u00d2TICA EDUCATIVA I EQUIPAMENT AUDIOVISUAL PER A L&#039;AULA","publisher":{"@id":"https:\/\/www.aulamaker.biz\/#organization"},"potentialAction":[{"@type":"SearchAction","target":{"@type":"EntryPoint","urlTemplate":"https:\/\/www.aulamaker.biz\/?s={search_term_string}"},"query-input":{"@type":"PropertyValueSpecification","valueRequired":true,"valueName":"search_term_string"}}],"inLanguage":"ca"},{"@type":"Organization","@id":"https:\/\/www.aulamaker.biz\/#organization","name":"AULAMAKER","url":"https:\/\/www.aulamaker.biz\/","logo":{"@type":"ImageObject","inLanguage":"ca","@id":"https:\/\/www.aulamaker.biz\/#\/schema\/logo\/image\/","url":"https:\/\/www.aulamaker.biz\/wp-content\/uploads\/2025\/02\/Logo-Aula-Maker.png","contentUrl":"https:\/\/www.aulamaker.biz\/wp-content\/uploads\/2025\/02\/Logo-Aula-Maker.png","width":3426,"height":3071,"caption":"AULAMAKER"},"image":{"@id":"https:\/\/www.aulamaker.biz\/#\/schema\/logo\/image\/"},"sameAs":["https:\/\/www.facebook.com\/aulamaker.biz\/","https:\/\/www.linkedin.com\/in\/miquel-carrasco-martinez\/","https:\/\/www.instagram.com\/aula_maker"]}]}},"_links":{"self":[{"href":"https:\/\/www.aulamaker.biz\/ca\/wp-json\/wp\/v2\/product\/693","targetHints":{"allow":["GET"]}}],"collection":[{"href":"https:\/\/www.aulamaker.biz\/ca\/wp-json\/wp\/v2\/product"}],"about":[{"href":"https:\/\/www.aulamaker.biz\/ca\/wp-json\/wp\/v2\/types\/product"}],"version-history":[{"count":1,"href":"https:\/\/www.aulamaker.biz\/ca\/wp-json\/wp\/v2\/product\/693\/revisions"}],"predecessor-version":[{"id":694,"href":"https:\/\/www.aulamaker.biz\/ca\/wp-json\/wp\/v2\/product\/693\/revisions\/694"}],"wp:featuredmedia":[{"embeddable":true,"href":"https:\/\/www.aulamaker.biz\/ca\/wp-json\/wp\/v2\/media\/911"}],"wp:attachment":[{"href":"https:\/\/www.aulamaker.biz\/ca\/wp-json\/wp\/v2\/media?parent=693"}],"wp:term":[{"taxonomy":"product_brand","embeddable":true,"href":"https:\/\/www.aulamaker.biz\/ca\/wp-json\/wp\/v2\/product_brand?post=693"},{"taxonomy":"product_cat","embeddable":true,"href":"https:\/\/www.aulamaker.biz\/ca\/wp-json\/wp\/v2\/product_cat?post=693"},{"taxonomy":"product_tag","embeddable":true,"href":"https:\/\/www.aulamaker.biz\/ca\/wp-json\/wp\/v2\/product_tag?post=693"}],"curies":[{"name":"wp","href":"https:\/\/api.w.org\/{rel}","templated":true}]}}