{"id":741,"date":"2025-06-10T11:53:16","date_gmt":"2025-06-10T09:53:16","guid":{"rendered":"https:\/\/www.aulamaker.biz\/producto\/class-set-basics\/"},"modified":"2025-09-13T12:47:52","modified_gmt":"2025-09-13T10:47:52","slug":"class-set-basics","status":"publish","type":"product","link":"https:\/\/www.aulamaker.biz\/ca\/producto\/class-set-basics\/","title":{"rendered":"Class Set Basics"},"content":{"rendered":"<p>Kit optimitzat per a la pr\u00e0ctica a prim\u00e0ria.<br \/>\nPermet iniciar-se f\u00e0cilment a les primeres construccions<br \/>\nCada kit est\u00e0 compost per 16 kits individuals<br \/>\nR\u00e0tio: 2\u00d716<\/p>","protected":false},"excerpt":{"rendered":"<p>Kit optimitzat per a la pr\u00e0ctica a prim\u00e0ria.<br \/>\nPermet iniciar-se f\u00e0cilment a les primeres construccions<br \/>\nCada kit est\u00e0 compost per 16 kits individuals<br \/>\nR\u00e0tio: 2\u00d716<\/p>","protected":false},"featured_media":664,"template":"","meta":[],"product_brand":[50],"product_cat":[70,62],"product_tag":[],"class_list":{"0":"post-741","1":"product","2":"type-product","3":"status-publish","4":"has-post-thumbnail","6":"product_brand-fischertechnik","7":"product_cat-ciencia-y-tecnologia","8":"product_cat-primaria","10":"first","11":"instock","12":"purchasable","13":"product-type-simple"},"acf":[],"yoast_head":"<!-- This site is optimized with the Yoast SEO plugin v27.4 - https:\/\/yoast.com\/product\/yoast-seo-wordpress\/ -->\n<title>Class Set Basics - AULAMAKER<\/title>\n<meta name=\"description\" content=\"Kit optimizado para la pr\u00e1ctica en primaria. Permite iniciarse f\u00e1cilmente en las primeras construcciones Cada kit est\u00e1 compuesto por 16 kits individuales Ratio: 2x16\" \/>\n<meta name=\"robots\" content=\"index, follow, max-snippet:-1, max-image-preview:large, max-video-preview:-1\" \/>\n<link rel=\"canonical\" href=\"https:\/\/www.aulamaker.biz\/ca\/producte\/class-set-basics\/\" \/>\n<meta property=\"og:locale\" content=\"ca_ES\" \/>\n<meta property=\"og:type\" content=\"article\" \/>\n<meta property=\"og:title\" content=\"Class Set Basics - AULAMAKER\" \/>\n<meta property=\"og:description\" content=\"Kit optimizado para la pr\u00e1ctica en primaria. Permite iniciarse f\u00e1cilmente en las primeras construcciones Cada kit est\u00e1 compuesto por 16 kits individuales Ratio: 2x16\" \/>\n<meta property=\"og:url\" content=\"https:\/\/www.aulamaker.biz\/ca\/producte\/class-set-basics\/\" \/>\n<meta property=\"og:site_name\" content=\"AULAMAKER\" \/>\n<meta property=\"article:publisher\" content=\"https:\/\/www.facebook.com\/aulamaker.biz\/\" \/>\n<meta property=\"article:modified_time\" content=\"2025-09-13T10:47:52+00:00\" \/>\n<meta property=\"og:image\" content=\"https:\/\/www.aulamaker.biz\/wp-content\/uploads\/2025\/06\/571104.jpg\" \/>\n\t<meta property=\"og:image:width\" content=\"1000\" \/>\n\t<meta property=\"og:image:height\" content=\"1000\" \/>\n\t<meta property=\"og:image:type\" content=\"image\/jpeg\" \/>\n<meta name=\"twitter:card\" content=\"summary_large_image\" \/>\n<script type=\"application\/ld+json\" class=\"yoast-schema-graph\">{\"@context\":\"https:\\\/\\\/schema.org\",\"@graph\":[{\"@type\":\"WebPage\",\"@id\":\"https:\\\/\\\/www.aulamaker.biz\\\/producto\\\/class-set-basics\\\/\",\"url\":\"https:\\\/\\\/www.aulamaker.biz\\\/producto\\\/class-set-basics\\\/\",\"name\":\"Class Set Basics - AULAMAKER\",\"isPartOf\":{\"@id\":\"https:\\\/\\\/www.aulamaker.biz\\\/#website\"},\"primaryImageOfPage\":{\"@id\":\"https:\\\/\\\/www.aulamaker.biz\\\/producto\\\/class-set-basics\\\/#primaryimage\"},\"image\":{\"@id\":\"https:\\\/\\\/www.aulamaker.biz\\\/producto\\\/class-set-basics\\\/#primaryimage\"},\"thumbnailUrl\":\"https:\\\/\\\/www.aulamaker.biz\\\/wp-content\\\/uploads\\\/2025\\\/06\\\/571104.jpg\",\"datePublished\":\"2025-06-10T09:53:16+00:00\",\"dateModified\":\"2025-09-13T10:47:52+00:00\",\"description\":\"Kit optimizado para la pr\u00e1ctica en primaria. Permite iniciarse f\u00e1cilmente en las primeras construcciones Cada kit est\u00e1 compuesto por 16 kits individuales Ratio: 2x16\",\"breadcrumb\":{\"@id\":\"https:\\\/\\\/www.aulamaker.biz\\\/producto\\\/class-set-basics\\\/#breadcrumb\"},\"inLanguage\":\"ca\",\"potentialAction\":[{\"@type\":\"ReadAction\",\"target\":[\"https:\\\/\\\/www.aulamaker.biz\\\/producto\\\/class-set-basics\\\/\"]}]},{\"@type\":\"ImageObject\",\"inLanguage\":\"ca\",\"@id\":\"https:\\\/\\\/www.aulamaker.biz\\\/producto\\\/class-set-basics\\\/#primaryimage\",\"url\":\"https:\\\/\\\/www.aulamaker.biz\\\/wp-content\\\/uploads\\\/2025\\\/06\\\/571104.jpg\",\"contentUrl\":\"https:\\\/\\\/www.aulamaker.biz\\\/wp-content\\\/uploads\\\/2025\\\/06\\\/571104.jpg\",\"width\":1000,\"height\":1000,\"caption\":\"571104\"},{\"@type\":\"BreadcrumbList\",\"@id\":\"https:\\\/\\\/www.aulamaker.biz\\\/producto\\\/class-set-basics\\\/#breadcrumb\",\"itemListElement\":[{\"@type\":\"ListItem\",\"position\":1,\"name\":\"Home\",\"item\":\"https:\\\/\\\/www.aulamaker.biz\\\/\"},{\"@type\":\"ListItem\",\"position\":2,\"name\":\"Productos\",\"item\":\"https:\\\/\\\/www.aulamaker.biz\\\/tienda\\\/\"},{\"@type\":\"ListItem\",\"position\":3,\"name\":\"Class Set Basics\"}]},{\"@type\":\"WebSite\",\"@id\":\"https:\\\/\\\/www.aulamaker.biz\\\/#website\",\"url\":\"https:\\\/\\\/www.aulamaker.biz\\\/\",\"name\":\"AULAMAKER\",\"description\":\"ROBOTICA EDUCATIVA Y EQUIPAMIENTO AUDIOVISUAL PARA EL AULA\",\"publisher\":{\"@id\":\"https:\\\/\\\/www.aulamaker.biz\\\/#organization\"},\"potentialAction\":[{\"@type\":\"SearchAction\",\"target\":{\"@type\":\"EntryPoint\",\"urlTemplate\":\"https:\\\/\\\/www.aulamaker.biz\\\/?s={search_term_string}\"},\"query-input\":{\"@type\":\"PropertyValueSpecification\",\"valueRequired\":true,\"valueName\":\"search_term_string\"}}],\"inLanguage\":\"ca\"},{\"@type\":\"Organization\",\"@id\":\"https:\\\/\\\/www.aulamaker.biz\\\/#organization\",\"name\":\"AULAMAKER\",\"url\":\"https:\\\/\\\/www.aulamaker.biz\\\/\",\"logo\":{\"@type\":\"ImageObject\",\"inLanguage\":\"ca\",\"@id\":\"https:\\\/\\\/www.aulamaker.biz\\\/#\\\/schema\\\/logo\\\/image\\\/\",\"url\":\"https:\\\/\\\/www.aulamaker.biz\\\/wp-content\\\/uploads\\\/2025\\\/02\\\/Logo-Aula-Maker.png\",\"contentUrl\":\"https:\\\/\\\/www.aulamaker.biz\\\/wp-content\\\/uploads\\\/2025\\\/02\\\/Logo-Aula-Maker.png\",\"width\":3426,\"height\":3071,\"caption\":\"AULAMAKER\"},\"image\":{\"@id\":\"https:\\\/\\\/www.aulamaker.biz\\\/#\\\/schema\\\/logo\\\/image\\\/\"},\"sameAs\":[\"https:\\\/\\\/www.facebook.com\\\/aulamaker.biz\\\/\",\"https:\\\/\\\/www.linkedin.com\\\/in\\\/miquel-carrasco-martinez\\\/\",\"https:\\\/\\\/www.instagram.com\\\/aula_maker\"]}]}<\/script>\n<!-- \/ Yoast SEO plugin. -->","yoast_head_json":{"title":"Class Set Basics - AULAMAKER","description":"Kit optimitzat per a la pr\u00e0ctica a prim\u00e0ria. Permet iniciar-se f\u00e0cilment a les primeres construccions Cada kit est\u00e0 compost per 16 kits individuals R\u00e0tio: 2x16","robots":{"index":"index","follow":"follow","max-snippet":"max-snippet:-1","max-image-preview":"max-image-preview:large","max-video-preview":"max-video-preview:-1"},"canonical":"https:\/\/www.aulamaker.biz\/ca\/producte\/class-set-basics\/","og_locale":"ca_ES","og_type":"article","og_title":"Class Set Basics - AULAMAKER","og_description":"Kit optimizado para la pr\u00e1ctica en primaria. Permite iniciarse f\u00e1cilmente en las primeras construcciones Cada kit est\u00e1 compuesto por 16 kits individuales Ratio: 2x16","og_url":"https:\/\/www.aulamaker.biz\/ca\/producte\/class-set-basics\/","og_site_name":"AULAMAKER","article_publisher":"https:\/\/www.facebook.com\/aulamaker.biz\/","article_modified_time":"2025-09-13T10:47:52+00:00","og_image":[{"width":1000,"height":1000,"url":"https:\/\/www.aulamaker.biz\/wp-content\/uploads\/2025\/06\/571104.jpg","type":"image\/jpeg"}],"twitter_card":"summary_large_image","schema":{"@context":"https:\/\/schema.org","@graph":[{"@type":"WebPage","@id":"https:\/\/www.aulamaker.biz\/producto\/class-set-basics\/","url":"https:\/\/www.aulamaker.biz\/producto\/class-set-basics\/","name":"Class Set Basics - AULAMAKER","isPartOf":{"@id":"https:\/\/www.aulamaker.biz\/#website"},"primaryImageOfPage":{"@id":"https:\/\/www.aulamaker.biz\/producto\/class-set-basics\/#primaryimage"},"image":{"@id":"https:\/\/www.aulamaker.biz\/producto\/class-set-basics\/#primaryimage"},"thumbnailUrl":"https:\/\/www.aulamaker.biz\/wp-content\/uploads\/2025\/06\/571104.jpg","datePublished":"2025-06-10T09:53:16+00:00","dateModified":"2025-09-13T10:47:52+00:00","description":"Kit optimitzat per a la pr\u00e0ctica a prim\u00e0ria. Permet iniciar-se f\u00e0cilment a les primeres construccions Cada kit est\u00e0 compost per 16 kits individuals R\u00e0tio: 2x16","breadcrumb":{"@id":"https:\/\/www.aulamaker.biz\/producto\/class-set-basics\/#breadcrumb"},"inLanguage":"ca","potentialAction":[{"@type":"ReadAction","target":["https:\/\/www.aulamaker.biz\/producto\/class-set-basics\/"]}]},{"@type":"ImageObject","inLanguage":"ca","@id":"https:\/\/www.aulamaker.biz\/producto\/class-set-basics\/#primaryimage","url":"https:\/\/www.aulamaker.biz\/wp-content\/uploads\/2025\/06\/571104.jpg","contentUrl":"https:\/\/www.aulamaker.biz\/wp-content\/uploads\/2025\/06\/571104.jpg","width":1000,"height":1000,"caption":"571104"},{"@type":"BreadcrumbList","@id":"https:\/\/www.aulamaker.biz\/producto\/class-set-basics\/#breadcrumb","itemListElement":[{"@type":"ListItem","position":1,"name":"Home","item":"https:\/\/www.aulamaker.biz\/"},{"@type":"ListItem","position":2,"name":"Productos","item":"https:\/\/www.aulamaker.biz\/tienda\/"},{"@type":"ListItem","position":3,"name":"Class Set Basics"}]},{"@type":"WebSite","@id":"https:\/\/www.aulamaker.biz\/#website","url":"https:\/\/www.aulamaker.biz\/","name":"AULAMAKER","description":"ROB\u00d2TICA EDUCATIVA I EQUIPAMENT AUDIOVISUAL PER A L&#039;AULA","publisher":{"@id":"https:\/\/www.aulamaker.biz\/#organization"},"potentialAction":[{"@type":"SearchAction","target":{"@type":"EntryPoint","urlTemplate":"https:\/\/www.aulamaker.biz\/?s={search_term_string}"},"query-input":{"@type":"PropertyValueSpecification","valueRequired":true,"valueName":"search_term_string"}}],"inLanguage":"ca"},{"@type":"Organization","@id":"https:\/\/www.aulamaker.biz\/#organization","name":"AULAMAKER","url":"https:\/\/www.aulamaker.biz\/","logo":{"@type":"ImageObject","inLanguage":"ca","@id":"https:\/\/www.aulamaker.biz\/#\/schema\/logo\/image\/","url":"https:\/\/www.aulamaker.biz\/wp-content\/uploads\/2025\/02\/Logo-Aula-Maker.png","contentUrl":"https:\/\/www.aulamaker.biz\/wp-content\/uploads\/2025\/02\/Logo-Aula-Maker.png","width":3426,"height":3071,"caption":"AULAMAKER"},"image":{"@id":"https:\/\/www.aulamaker.biz\/#\/schema\/logo\/image\/"},"sameAs":["https:\/\/www.facebook.com\/aulamaker.biz\/","https:\/\/www.linkedin.com\/in\/miquel-carrasco-martinez\/","https:\/\/www.instagram.com\/aula_maker"]}]}},"_links":{"self":[{"href":"https:\/\/www.aulamaker.biz\/ca\/wp-json\/wp\/v2\/product\/741","targetHints":{"allow":["GET"]}}],"collection":[{"href":"https:\/\/www.aulamaker.biz\/ca\/wp-json\/wp\/v2\/product"}],"about":[{"href":"https:\/\/www.aulamaker.biz\/ca\/wp-json\/wp\/v2\/types\/product"}],"version-history":[{"count":1,"href":"https:\/\/www.aulamaker.biz\/ca\/wp-json\/wp\/v2\/product\/741\/revisions"}],"predecessor-version":[{"id":742,"href":"https:\/\/www.aulamaker.biz\/ca\/wp-json\/wp\/v2\/product\/741\/revisions\/742"}],"wp:featuredmedia":[{"embeddable":true,"href":"https:\/\/www.aulamaker.biz\/ca\/wp-json\/wp\/v2\/media\/664"}],"wp:attachment":[{"href":"https:\/\/www.aulamaker.biz\/ca\/wp-json\/wp\/v2\/media?parent=741"}],"wp:term":[{"taxonomy":"product_brand","embeddable":true,"href":"https:\/\/www.aulamaker.biz\/ca\/wp-json\/wp\/v2\/product_brand?post=741"},{"taxonomy":"product_cat","embeddable":true,"href":"https:\/\/www.aulamaker.biz\/ca\/wp-json\/wp\/v2\/product_cat?post=741"},{"taxonomy":"product_tag","embeddable":true,"href":"https:\/\/www.aulamaker.biz\/ca\/wp-json\/wp\/v2\/product_tag?post=741"}],"curies":[{"name":"wp","href":"https:\/\/api.w.org\/{rel}","templated":true}]}}