{"id":749,"date":"2025-06-10T11:53:16","date_gmt":"2025-06-10T09:53:16","guid":{"rendered":"https:\/\/www.aulamaker.biz\/producto\/greenscreenbox\/"},"modified":"2025-09-13T12:45:46","modified_gmt":"2025-09-13T10:45:46","slug":"greenscreenbox","status":"publish","type":"product","link":"https:\/\/www.aulamaker.biz\/ca\/producto\/greenscreenbox\/","title":{"rendered":"GreenScreenBox"},"content":{"rendered":"<p>T\u00e8cnica de postproducci\u00f3 que compon dues imatges o v\u00eddeos basant-se en les tonalitats de color<br \/>\nAmb lajuda de lApp es pot escollir un fons i comen\u00e7ar a gravar amb croma<br \/>\nInclou conjunt de blocs verds perqu\u00e8 no es vegin les mans<\/p>","protected":false},"excerpt":{"rendered":"<p>T\u00e8cnica de postproducci\u00f3 que compon dues imatges o v\u00eddeos basant-se en les tonalitats de color<br \/>\nAmb lajuda de lApp es pot escollir un fons i comen\u00e7ar a gravar amb croma<br \/>\nInclou conjunt de blocs verds perqu\u00e8 no es vegin les mans<\/p>","protected":false},"featured_media":668,"template":"","meta":[],"product_brand":[54],"product_cat":[69,62],"product_tag":[],"class_list":{"0":"post-749","1":"product","2":"type-product","3":"status-publish","4":"has-post-thumbnail","6":"product_brand-greenscreenbox","7":"product_cat-complementos","8":"product_cat-primaria","10":"first","11":"instock","12":"purchasable","13":"product-type-simple"},"acf":[],"yoast_head":"<!-- This site is optimized with the Yoast SEO plugin v27.4 - https:\/\/yoast.com\/product\/yoast-seo-wordpress\/ -->\n<title>GreenScreenBox - AULAMAKER<\/title>\n<meta name=\"description\" content=\"T\u00e9cnica de postproducci\u00f3n que compone dos im\u00e1genes o v\u00eddeos bas\u00e1ndose en las tonalidades de color Con la ayuda de la App se puede escoger un fondo y empezar a grabar con croma Incluye conjunto de bloques verdes para que no se vean las manos\" \/>\n<meta name=\"robots\" content=\"index, follow, max-snippet:-1, max-image-preview:large, max-video-preview:-1\" \/>\n<link rel=\"canonical\" href=\"https:\/\/www.aulamaker.biz\/ca\/producte\/greenscreenbox\/\" \/>\n<meta property=\"og:locale\" content=\"ca_ES\" \/>\n<meta property=\"og:type\" content=\"article\" \/>\n<meta property=\"og:title\" content=\"GreenScreenBox - AULAMAKER\" \/>\n<meta property=\"og:description\" content=\"T\u00e9cnica de postproducci\u00f3n que compone dos im\u00e1genes o v\u00eddeos bas\u00e1ndose en las tonalidades de color Con la ayuda de la App se puede escoger un fondo y empezar a grabar con croma Incluye conjunto de bloques verdes para que no se vean las manos\" \/>\n<meta property=\"og:url\" content=\"https:\/\/www.aulamaker.biz\/ca\/producte\/greenscreenbox\/\" \/>\n<meta property=\"og:site_name\" content=\"AULAMAKER\" \/>\n<meta property=\"article:publisher\" content=\"https:\/\/www.facebook.com\/aulamaker.biz\/\" \/>\n<meta property=\"article:modified_time\" content=\"2025-09-13T10:45:46+00:00\" \/>\n<meta property=\"og:image\" content=\"https:\/\/www.aulamaker.biz\/wp-content\/uploads\/2025\/06\/GSB001.jpg\" \/>\n\t<meta property=\"og:image:width\" content=\"1920\" \/>\n\t<meta property=\"og:image:height\" content=\"1279\" \/>\n\t<meta property=\"og:image:type\" content=\"image\/jpeg\" \/>\n<meta name=\"twitter:card\" content=\"summary_large_image\" \/>\n<script type=\"application\/ld+json\" class=\"yoast-schema-graph\">{\"@context\":\"https:\\\/\\\/schema.org\",\"@graph\":[{\"@type\":\"WebPage\",\"@id\":\"https:\\\/\\\/www.aulamaker.biz\\\/producto\\\/greenscreenbox\\\/\",\"url\":\"https:\\\/\\\/www.aulamaker.biz\\\/producto\\\/greenscreenbox\\\/\",\"name\":\"GreenScreenBox - AULAMAKER\",\"isPartOf\":{\"@id\":\"https:\\\/\\\/www.aulamaker.biz\\\/#website\"},\"primaryImageOfPage\":{\"@id\":\"https:\\\/\\\/www.aulamaker.biz\\\/producto\\\/greenscreenbox\\\/#primaryimage\"},\"image\":{\"@id\":\"https:\\\/\\\/www.aulamaker.biz\\\/producto\\\/greenscreenbox\\\/#primaryimage\"},\"thumbnailUrl\":\"https:\\\/\\\/www.aulamaker.biz\\\/wp-content\\\/uploads\\\/2025\\\/06\\\/GSB001.jpg\",\"datePublished\":\"2025-06-10T09:53:16+00:00\",\"dateModified\":\"2025-09-13T10:45:46+00:00\",\"description\":\"T\u00e9cnica de postproducci\u00f3n que compone dos im\u00e1genes o v\u00eddeos bas\u00e1ndose en las tonalidades de color Con la ayuda de la App se puede escoger un fondo y empezar a grabar con croma Incluye conjunto de bloques verdes para que no se vean las manos\",\"breadcrumb\":{\"@id\":\"https:\\\/\\\/www.aulamaker.biz\\\/producto\\\/greenscreenbox\\\/#breadcrumb\"},\"inLanguage\":\"ca\",\"potentialAction\":[{\"@type\":\"ReadAction\",\"target\":[\"https:\\\/\\\/www.aulamaker.biz\\\/producto\\\/greenscreenbox\\\/\"]}]},{\"@type\":\"ImageObject\",\"inLanguage\":\"ca\",\"@id\":\"https:\\\/\\\/www.aulamaker.biz\\\/producto\\\/greenscreenbox\\\/#primaryimage\",\"url\":\"https:\\\/\\\/www.aulamaker.biz\\\/wp-content\\\/uploads\\\/2025\\\/06\\\/GSB001.jpg\",\"contentUrl\":\"https:\\\/\\\/www.aulamaker.biz\\\/wp-content\\\/uploads\\\/2025\\\/06\\\/GSB001.jpg\",\"width\":1920,\"height\":1279,\"caption\":\"GSB001\"},{\"@type\":\"BreadcrumbList\",\"@id\":\"https:\\\/\\\/www.aulamaker.biz\\\/producto\\\/greenscreenbox\\\/#breadcrumb\",\"itemListElement\":[{\"@type\":\"ListItem\",\"position\":1,\"name\":\"Home\",\"item\":\"https:\\\/\\\/www.aulamaker.biz\\\/\"},{\"@type\":\"ListItem\",\"position\":2,\"name\":\"Productos\",\"item\":\"https:\\\/\\\/www.aulamaker.biz\\\/tienda\\\/\"},{\"@type\":\"ListItem\",\"position\":3,\"name\":\"GreenScreenBox\"}]},{\"@type\":\"WebSite\",\"@id\":\"https:\\\/\\\/www.aulamaker.biz\\\/#website\",\"url\":\"https:\\\/\\\/www.aulamaker.biz\\\/\",\"name\":\"AULAMAKER\",\"description\":\"ROBOTICA EDUCATIVA Y EQUIPAMIENTO AUDIOVISUAL PARA EL AULA\",\"publisher\":{\"@id\":\"https:\\\/\\\/www.aulamaker.biz\\\/#organization\"},\"potentialAction\":[{\"@type\":\"SearchAction\",\"target\":{\"@type\":\"EntryPoint\",\"urlTemplate\":\"https:\\\/\\\/www.aulamaker.biz\\\/?s={search_term_string}\"},\"query-input\":{\"@type\":\"PropertyValueSpecification\",\"valueRequired\":true,\"valueName\":\"search_term_string\"}}],\"inLanguage\":\"ca\"},{\"@type\":\"Organization\",\"@id\":\"https:\\\/\\\/www.aulamaker.biz\\\/#organization\",\"name\":\"AULAMAKER\",\"url\":\"https:\\\/\\\/www.aulamaker.biz\\\/\",\"logo\":{\"@type\":\"ImageObject\",\"inLanguage\":\"ca\",\"@id\":\"https:\\\/\\\/www.aulamaker.biz\\\/#\\\/schema\\\/logo\\\/image\\\/\",\"url\":\"https:\\\/\\\/www.aulamaker.biz\\\/wp-content\\\/uploads\\\/2025\\\/02\\\/Logo-Aula-Maker.png\",\"contentUrl\":\"https:\\\/\\\/www.aulamaker.biz\\\/wp-content\\\/uploads\\\/2025\\\/02\\\/Logo-Aula-Maker.png\",\"width\":3426,\"height\":3071,\"caption\":\"AULAMAKER\"},\"image\":{\"@id\":\"https:\\\/\\\/www.aulamaker.biz\\\/#\\\/schema\\\/logo\\\/image\\\/\"},\"sameAs\":[\"https:\\\/\\\/www.facebook.com\\\/aulamaker.biz\\\/\",\"https:\\\/\\\/www.linkedin.com\\\/in\\\/miquel-carrasco-martinez\\\/\",\"https:\\\/\\\/www.instagram.com\\\/aula_maker\"]}]}<\/script>\n<!-- \/ Yoast SEO plugin. -->","yoast_head_json":{"title":"GreenScreenBox - AULAMAKER","description":"T\u00e8cnica de postproducci\u00f3 que compon dues imatges o v\u00eddeos basant-se en les tonalitats de color Amb l&#039;ajuda de l&#039;App es pot escollir un fons i comen\u00e7ar a gravar amb croma Inclou un conjunt de blocs verds perqu\u00e8 no es vegin les mans","robots":{"index":"index","follow":"follow","max-snippet":"max-snippet:-1","max-image-preview":"max-image-preview:large","max-video-preview":"max-video-preview:-1"},"canonical":"https:\/\/www.aulamaker.biz\/ca\/producte\/greenscreenbox\/","og_locale":"ca_ES","og_type":"article","og_title":"GreenScreenBox - AULAMAKER","og_description":"T\u00e9cnica de postproducci\u00f3n que compone dos im\u00e1genes o v\u00eddeos bas\u00e1ndose en las tonalidades de color Con la ayuda de la App se puede escoger un fondo y empezar a grabar con croma Incluye conjunto de bloques verdes para que no se vean las manos","og_url":"https:\/\/www.aulamaker.biz\/ca\/producte\/greenscreenbox\/","og_site_name":"AULAMAKER","article_publisher":"https:\/\/www.facebook.com\/aulamaker.biz\/","article_modified_time":"2025-09-13T10:45:46+00:00","og_image":[{"width":1920,"height":1279,"url":"https:\/\/www.aulamaker.biz\/wp-content\/uploads\/2025\/06\/GSB001.jpg","type":"image\/jpeg"}],"twitter_card":"summary_large_image","schema":{"@context":"https:\/\/schema.org","@graph":[{"@type":"WebPage","@id":"https:\/\/www.aulamaker.biz\/producto\/greenscreenbox\/","url":"https:\/\/www.aulamaker.biz\/producto\/greenscreenbox\/","name":"GreenScreenBox - AULAMAKER","isPartOf":{"@id":"https:\/\/www.aulamaker.biz\/#website"},"primaryImageOfPage":{"@id":"https:\/\/www.aulamaker.biz\/producto\/greenscreenbox\/#primaryimage"},"image":{"@id":"https:\/\/www.aulamaker.biz\/producto\/greenscreenbox\/#primaryimage"},"thumbnailUrl":"https:\/\/www.aulamaker.biz\/wp-content\/uploads\/2025\/06\/GSB001.jpg","datePublished":"2025-06-10T09:53:16+00:00","dateModified":"2025-09-13T10:45:46+00:00","description":"T\u00e8cnica de postproducci\u00f3 que compon dues imatges o v\u00eddeos basant-se en les tonalitats de color Amb l&#039;ajuda de l&#039;App es pot escollir un fons i comen\u00e7ar a gravar amb croma Inclou un conjunt de blocs verds perqu\u00e8 no es vegin les mans","breadcrumb":{"@id":"https:\/\/www.aulamaker.biz\/producto\/greenscreenbox\/#breadcrumb"},"inLanguage":"ca","potentialAction":[{"@type":"ReadAction","target":["https:\/\/www.aulamaker.biz\/producto\/greenscreenbox\/"]}]},{"@type":"ImageObject","inLanguage":"ca","@id":"https:\/\/www.aulamaker.biz\/producto\/greenscreenbox\/#primaryimage","url":"https:\/\/www.aulamaker.biz\/wp-content\/uploads\/2025\/06\/GSB001.jpg","contentUrl":"https:\/\/www.aulamaker.biz\/wp-content\/uploads\/2025\/06\/GSB001.jpg","width":1920,"height":1279,"caption":"GSB001"},{"@type":"BreadcrumbList","@id":"https:\/\/www.aulamaker.biz\/producto\/greenscreenbox\/#breadcrumb","itemListElement":[{"@type":"ListItem","position":1,"name":"Home","item":"https:\/\/www.aulamaker.biz\/"},{"@type":"ListItem","position":2,"name":"Productos","item":"https:\/\/www.aulamaker.biz\/tienda\/"},{"@type":"ListItem","position":3,"name":"GreenScreenBox"}]},{"@type":"WebSite","@id":"https:\/\/www.aulamaker.biz\/#website","url":"https:\/\/www.aulamaker.biz\/","name":"AULAMAKER","description":"ROB\u00d2TICA EDUCATIVA I EQUIPAMENT AUDIOVISUAL PER A L&#039;AULA","publisher":{"@id":"https:\/\/www.aulamaker.biz\/#organization"},"potentialAction":[{"@type":"SearchAction","target":{"@type":"EntryPoint","urlTemplate":"https:\/\/www.aulamaker.biz\/?s={search_term_string}"},"query-input":{"@type":"PropertyValueSpecification","valueRequired":true,"valueName":"search_term_string"}}],"inLanguage":"ca"},{"@type":"Organization","@id":"https:\/\/www.aulamaker.biz\/#organization","name":"AULAMAKER","url":"https:\/\/www.aulamaker.biz\/","logo":{"@type":"ImageObject","inLanguage":"ca","@id":"https:\/\/www.aulamaker.biz\/#\/schema\/logo\/image\/","url":"https:\/\/www.aulamaker.biz\/wp-content\/uploads\/2025\/02\/Logo-Aula-Maker.png","contentUrl":"https:\/\/www.aulamaker.biz\/wp-content\/uploads\/2025\/02\/Logo-Aula-Maker.png","width":3426,"height":3071,"caption":"AULAMAKER"},"image":{"@id":"https:\/\/www.aulamaker.biz\/#\/schema\/logo\/image\/"},"sameAs":["https:\/\/www.facebook.com\/aulamaker.biz\/","https:\/\/www.linkedin.com\/in\/miquel-carrasco-martinez\/","https:\/\/www.instagram.com\/aula_maker"]}]}},"_links":{"self":[{"href":"https:\/\/www.aulamaker.biz\/ca\/wp-json\/wp\/v2\/product\/749","targetHints":{"allow":["GET"]}}],"collection":[{"href":"https:\/\/www.aulamaker.biz\/ca\/wp-json\/wp\/v2\/product"}],"about":[{"href":"https:\/\/www.aulamaker.biz\/ca\/wp-json\/wp\/v2\/types\/product"}],"version-history":[{"count":2,"href":"https:\/\/www.aulamaker.biz\/ca\/wp-json\/wp\/v2\/product\/749\/revisions"}],"predecessor-version":[{"id":1040,"href":"https:\/\/www.aulamaker.biz\/ca\/wp-json\/wp\/v2\/product\/749\/revisions\/1040"}],"wp:featuredmedia":[{"embeddable":true,"href":"https:\/\/www.aulamaker.biz\/ca\/wp-json\/wp\/v2\/media\/668"}],"wp:attachment":[{"href":"https:\/\/www.aulamaker.biz\/ca\/wp-json\/wp\/v2\/media?parent=749"}],"wp:term":[{"taxonomy":"product_brand","embeddable":true,"href":"https:\/\/www.aulamaker.biz\/ca\/wp-json\/wp\/v2\/product_brand?post=749"},{"taxonomy":"product_cat","embeddable":true,"href":"https:\/\/www.aulamaker.biz\/ca\/wp-json\/wp\/v2\/product_cat?post=749"},{"taxonomy":"product_tag","embeddable":true,"href":"https:\/\/www.aulamaker.biz\/ca\/wp-json\/wp\/v2\/product_tag?post=749"}],"curies":[{"name":"wp","href":"https:\/\/api.w.org\/{rel}","templated":true}]}}